{"id":8540,"date":"2023-11-16T09:56:52","date_gmt":"2023-11-16T08:56:52","guid":{"rendered":"https:\/\/ifmec.com\/?post_type=product&#038;p=8540"},"modified":"2024-04-17T09:28:06","modified_gmt":"2024-04-17T07:28:06","slug":"curso-online-sobre-actualizacion-en-otorrinolaringologia-pediatrica","status":"publish","type":"product","link":"https:\/\/ifmec.com\/en\/producto\/curso-online-sobre-actualizacion-en-otorrinolaringologia-pediatrica\/","title":{"rendered":"Curso ONLINE sobre Actualizaci\u00f3n en Otorrinolaringolog\u00eda Pedi\u00e1trica"},"content":{"rendered":"<p><a class=\"btn btn-info\" href=\"https:\/\/ifmec.com\/wp-content\/uploads\/2023\/11\/Curso-sobre-Actualizacio\u0301n-en-Otorrinolaringologi\u0301a-Pedia\u0301trica-15.pdf\">PROGRAMA DEL CURSO<\/a><\/p>\n<h3><strong>DIRECTOR<\/strong><\/h3>\n<p><strong>Prof. Guillermo Plaza<\/strong><\/p>\n<p>Jefe de Servicio de Otorrinolaringolog\u00eda. Hospital Univ. de Fuenlabrada. Universidad Rey Juan Carlos. Hospital Universitario La Zarzuela. Madrid, Espa\u00f1a. Profesor de la Universidad Rey Juan Carlos.<\/p>\n<p class=\"cvGsUA direction-ltr align-start para-style-body\"><strong><span class=\"OYPEnA text-decoration-none text-strikethrough-none\">Dra. Margarita Bartolom\u00e9<\/span><\/strong><\/p>\n<p class=\"cvGsUA direction-ltr align-start para-style-body\"><span class=\"OYPEnA text-decoration-none text-strikethrough-none\">Jefa de Servicio de Otorrinolaringolog\u00eda. <\/span><span class=\"OYPEnA text-decoration-none text-strikethrough-none\">Hospital Universitario Infantil Ni\u00f1o Jes\u00fas.<\/span><\/p>\n<h3>OBJETIVOS DEL CURSO<\/h3>\n<p><span class=\"OYPEnA text-decoration-none text-strikethrough-none\">Este curso tiene como objetivo proporcionar una actualizaci\u00f3n en Otorrinolaringolog\u00eda Pedi\u00e1trica para aquellos interesados en el diagn\u00f3stico y tratamiento en esta especialidad. A trav\u00e9s de la participaci\u00f3n de expertos en ORL infantil y pediatras especializados, tendr\u00e1n la oportunidad de revisar la evidencia cient\u00edfica m\u00e1s reciente.<\/span><\/p>\n<div class=\"page\" title=\"Page 2\">\n<div class=\"section\">\n<div class=\"layoutArea\">\n<div class=\"column\">\n<h3>M\u00c1S INFORMACI\u00d3N<\/h3>\n<p>PRECIO: 300 \u20ac<\/p>\n<p><span class=\"OYPEnA text-decoration-none text-strikethrough-none\">FECHAS:<span style=\"color: #ff0000;\"> MATR\u00cdCULA ABIERTA<\/span><\/span><\/p>\n<p><span class=\"OYPEnA text-decoration-none text-strikethrough-none\">SEDE: <\/span><a class=\"OYPEnA text-decoration-none text-strikethrough-none\" draggable=\"false\" href=\"http:\/\/campus.ifmec.com\/\" target=\"_blank\" rel=\"noopener\">CAMPUS ONLINE<\/a><\/p>\n<p class=\"cvGsUA direction-ltr align-start para-style-body\">\n<\/div>\n<\/div>\n<\/div>\n<\/div>\n<p>&nbsp;<\/p>\n","protected":false},"excerpt":{"rendered":"<p><span class=\"OYPEnA text-decoration-none text-strikethrough-none\">Este curso tiene como objetivo proporcionar una actualizaci\u00f3n en Otorrinolaringolog\u00eda Pedi\u00e1trica para aquellos interesados en el diagn\u00f3stico y tratamiento en esta especialidad. <\/span><\/p>\n","protected":false},"featured_media":9382,"template":"","meta":[],"product_cat":[22],"product_tag":[],"class_list":["post-8540","product","type-product","status-publish","has-post-thumbnail","hentry","product_cat-cursos-online","pa_modalidad-300-precio-curso"],"_links":{"self":[{"href":"https:\/\/ifmec.com\/en\/wp-json\/wp\/v2\/product\/8540","targetHints":{"allow":["GET"]}}],"collection":[{"href":"https:\/\/ifmec.com\/en\/wp-json\/wp\/v2\/product"}],"about":[{"href":"https:\/\/ifmec.com\/en\/wp-json\/wp\/v2\/types\/product"}],"wp:featuredmedia":[{"embeddable":true,"href":"https:\/\/ifmec.com\/en\/wp-json\/wp\/v2\/media\/9382"}],"wp:attachment":[{"href":"https:\/\/ifmec.com\/en\/wp-json\/wp\/v2\/media?parent=8540"}],"wp:term":[{"taxonomy":"product_cat","embeddable":true,"href":"https:\/\/ifmec.com\/en\/wp-json\/wp\/v2\/product_cat?post=8540"},{"taxonomy":"product_tag","embeddable":true,"href":"https:\/\/ifmec.com\/en\/wp-json\/wp\/v2\/product_tag?post=8540"}],"curies":[{"name":"wp","href":"https:\/\/api.w.org\/{rel}","templated":true}]}}