{"id":6192,"date":"2022-02-09T20:26:04","date_gmt":"2022-02-09T19:26:04","guid":{"rendered":"https:\/\/ifmec.com\/?post_type=product&#038;p=6192"},"modified":"2025-12-11T12:52:22","modified_gmt":"2025-12-11T11:52:22","slug":"curso-online-sobre-epifora","status":"publish","type":"product","link":"https:\/\/ifmec.com\/en\/producto\/curso-online-sobre-epifora\/","title":{"rendered":"CURSO ONLINE sobre EPIFORA"},"content":{"rendered":"<p><a class=\"btn btn-info\"<a href=\"https:\/\/ifmec.com\/wp-content\/uploads\/2022\/02\/DIPTICO-DCR.pdf\">PROGRAMA DEL CURSO<\/a><\/p>\n<h3><strong>OBJETIVOS DEL CURSO<\/strong><\/h3>\n<ul>\n<li>Presentamos en I Curso sobre cirug\u00eda de la v\u00eda lagrimal. Este curso se ha creado no solo para transmitir una serie de conocimientos sobre anatom\u00eda, fisiolog\u00eda y fisiopatolog\u00eda de la v\u00eda lagrimal adem\u00e1s de una serie de t\u00e9cnicas para el tratamiento de la ep\u00edfora, sino tambi\u00e9n para compartir nuestra filosof\u00eda de trabajo en este campo.<\/li>\n<li>El principal beneficio y los mejores resultados se obtendr\u00e1n cuando el trabajo se realice en equipo. Oftalm\u00f3logos y otorrinolaring\u00f3logos con amplia experiencia en este campo se encargar\u00e1n de exponer y defender desde diferentes puntos de vista los diferentes abordajes para el manejo de la patolog\u00eda obstructiva de la v\u00eda lagrimal.<\/li>\n<\/ul>\n<h3><strong>DIRECCI\u00d3N DEL CURSO<\/strong><\/h3>\n<p>Dra. Cristina Fern\u00e1ndez J\u00e1\u00f1ez Hospital Vithas Nuestra Se\u00f1ora de Am\u00e9rica. Madrid<\/p>\n<div>\n<h3><strong>M\u00c1S INFORMACI\u00d3N<\/strong><\/h3>\n<\/div>\n<div>\n<div>\n<ul>\n<li><strong>FECHAS:<\/strong> Matr\u00edcula abierta. Desde el momento del alta en el campus, el curso tiene una duraci\u00f3n de tres meses.<\/li>\n<li><strong>SEDE:<\/strong>\u00a0<a class=\"btn btn-info\" title=\"Campus Ifmec\" href=\"http:\/\/campus.ifmec.com\/\" target=\"_blank\" rel=\"noopener noreferrer\"><strong>CAMPUS ONLINE<\/strong><\/a><\/li>\n<li><strong>PRECIO: <\/strong>400\u20ac con 21 %IVA INCLUIDO<\/li>\n<\/ul>\n<\/div>\n<h3><strong>INSTRUCCIONES PARA MATRICULARSE<\/strong><\/h3>\n<\/div>\n<p>1. Completar el formulario de inscripci\u00f3n<\/p>\n<p>2. Realizar el pago a trav\u00e9s de nuestra pasarela de pago seguro o mediante transferencia<\/p>\n<p>3. En caso de transferencia mandar justificante de pago a secretaria@ifmec.com<\/p>\n<p>4. Recibir\u00e1 en su mail el usuario y contrase\u00f1a para acceder al Campus Virtual Ifmec y a su curso<\/p>\n<p><a href=\"https:\/\/ifmec.com\/wp-content\/uploads\/2022\/02\/CURSO-ONLINE-sobre-EPIFORA.pdf\"><strong>M\u00c1<\/strong><strong>S INFORMACI\u00d3<\/strong><strong>N\u00a0Y PROGRAMA DEL CURSO<\/strong><\/a><\/p>\n","protected":false},"excerpt":{"rendered":"","protected":false},"featured_media":14007,"template":"","meta":[],"product_cat":[20,22],"product_tag":[],"class_list":["post-6192","product","type-product","status-publish","has-post-thumbnail","hentry","product_cat-oftalmologia","product_cat-cursos-online","pa_modalidad-curso-online"],"_links":{"self":[{"href":"https:\/\/ifmec.com\/en\/wp-json\/wp\/v2\/product\/6192","targetHints":{"allow":["GET"]}}],"collection":[{"href":"https:\/\/ifmec.com\/en\/wp-json\/wp\/v2\/product"}],"about":[{"href":"https:\/\/ifmec.com\/en\/wp-json\/wp\/v2\/types\/product"}],"wp:featuredmedia":[{"embeddable":true,"href":"https:\/\/ifmec.com\/en\/wp-json\/wp\/v2\/media\/14007"}],"wp:attachment":[{"href":"https:\/\/ifmec.com\/en\/wp-json\/wp\/v2\/media?parent=6192"}],"wp:term":[{"taxonomy":"product_cat","embeddable":true,"href":"https:\/\/ifmec.com\/en\/wp-json\/wp\/v2\/product_cat?post=6192"},{"taxonomy":"product_tag","embeddable":true,"href":"https:\/\/ifmec.com\/en\/wp-json\/wp\/v2\/product_tag?post=6192"}],"curies":[{"name":"wp","href":"https:\/\/api.w.org\/{rel}","templated":true}]}}