{"id":6160,"date":"2022-01-31T17:18:33","date_gmt":"2022-01-31T16:18:33","guid":{"rendered":"https:\/\/ifmec.com\/?post_type=product&#038;p=6160"},"modified":"2024-02-23T13:05:18","modified_gmt":"2024-02-23T12:05:18","slug":"curso-avanzado-de-uso-clinico-del-analisis-0biomecanico-de-la-voz","status":"publish","type":"product","link":"https:\/\/ifmec.com\/en\/producto\/curso-avanzado-de-uso-clinico-del-analisis-0biomecanico-de-la-voz\/","title":{"rendered":"CURSO ONLINE AVANZADO de USO CL\u00cdNICO del ANALISIS BIOMEC\u00c1NICO DE LA VOZ"},"content":{"rendered":"<p><a class=\"btn btn-info\" href=\"https:\/\/ifmec.com\/wp-content\/uploads\/2022\/01\/Diptico-Curso-Biomecanica-V2-2.pdf\">PROGRAMA CURSO<\/a><\/p>\n<h3><b>PRESENTACI\u00d3N Y OBJETIVO DEL CURSO<\/b><\/h3>\n<p>El Curso Online de Biomec\u00e1nica de la Voz est\u00e1 dise\u00f1ado para integrar la formaci\u00f3n te\u00f3rica b\u00e1sica con los aspectos cl\u00ednicos esenciales que caracterizan las diferentes patolog\u00edas de la voz. El objetivo general es conseguir que el profesional adquiera los conocimientos necesarios para el manejo e interpretaci\u00f3n de los resultados ofrecidos por el an\u00e1lisis biomec\u00e1nico.<\/p>\n<h3><b>DIRECCI\u00d3N Y EQUIPO DOCENTE<\/b><\/h3>\n<p><b>Roberto Fern\u00e1ndez-Baillo Gallego de la Sacristana &#8211; <\/b>CEO&amp; Director de Investigaci\u00f3n Voice Clinical System &#8211; Prof. Titular Universidad Europea de Madrid<\/p>\n<p><b>Isabel Cardoso L\u00f3pez &#8211; <\/b>Servicio ORL. Unidad de Voz- Hospital Vithas Nuestra Se\u00f1ora de Am\u00e9rica<\/p>\n<p><b>\u00c1ngel Rodriguez &#8211; <\/b>Servicio ORL. Unidad de Voz &#8211; Hospital Vithas Nuestra Se\u00f1ora de Am\u00e9rica<\/p>\n<p><b>Ignacio Ru\u00edz Galea &#8211; <\/b>Director de Desarrollo Tecnol\u00f3gico Voice Clinical Systems.<\/p>\n<h3><b>INSTITUCIONES PARTICIPANTES<\/b><\/h3>\n<p><a href=\"https:\/\/www.voicecs.com\/es\"><span style=\"font-weight: 400;\">Voice Clincal Systems<\/span><\/a><\/p>\n<p><a href=\"https:\/\/ifmec.com\/es\/\"><span style=\"font-weight: 400;\">IFMEC (Innovaci\u00f3n y formaci\u00f3n en medicina y cirug\u00eda)<\/span><\/a><\/p>\n<p><a href=\"https:\/\/www.vithas.es\/Madrid\/especialidad\/otorrinolaringolog%C3%ADa\/40\"><span style=\"font-weight: 400;\">Servicio ORL Hospital Vithas Nuestra Se\u00f1ora de Am\u00e9rica<\/span><\/a><\/p>\n<h3><b>REQUISITOS PARA LA INSCRIPCI\u00d3N<\/b><\/h3>\n<p><span style=\"font-weight: 400;\">Profesionales sanitarios con \u00e1mbito de trabajo en la voz y su patolog\u00eda.<\/span><\/p>\n<h3><strong>PROGRAMA<\/strong><\/h3>\n<p><b>BLOQUE TE\u00d3RICO (Online)<\/b><\/p>\n<p>\u25aaAnatom\u00eda e Histolog\u00eda de la laringe: Maduraci\u00f3n y Mec\u00e1nica<\/p>\n<p>\u25aaClasificaci\u00f3n de la Patolog\u00eda de la Voz<\/p>\n<p>\u25aaMuestras de Voz y tipos de informes<\/p>\n<p>\u25aaPar\u00e1metros Biomec\u00e1nicos: Fases del ciclo (Pr04 a Pr07)<\/p>\n<p>\u25aaPar\u00e1metros Biomec\u00e1nicos: Frecuencia Fundamental, fuerza y tensi\u00f3n (Pr01, Pr08 y Pr09)<\/p>\n<p>\u25aaPar\u00e1metros Biomec\u00e1nicos: Suficiencia del cierre gl\u00f3tico (Pr10 a Pr12)<\/p>\n<p>\u25aaPar\u00e1metros Biomec\u00e1nicos: Control muscular e inestabilidad (Pr13 a Pr15)<\/p>\n<p>\u25aaPar\u00e1metros Biomec\u00e1nicos: Correlatos de onda mucosa y efecto edema (Pr17 a Pr20)<\/p>\n<p>\u25aaPar\u00e1metros Biomec\u00e1nicos: Efecto masa y simetr\u00eda del borde libre (Pr02, Pr03, Pr21 y Pr22)<\/p>\n<p>\u25aaPar\u00e1metros Biomec\u00e1nicos: Perfil din\u00e1mico<\/p>\n<p><i>*Tutor\u00edas en formato online s\u00edncrona<\/i><\/p>\n<p><b>MONOGR\u00c1FICOS PR\u00c1CTICOS DE PATOLOG\u00cdA (Online)<\/b><\/p>\n<p>\u25aaPatolog\u00eda Funcional<\/p>\n<p>\u25aaEdema de Reinke<\/p>\n<p>\u25aaLesi\u00f3n de contacto: N\u00f3dulos, Quistes, \u2026<\/p>\n<p>\u25aaPar\u00e1lisis lar\u00edngea y Sulcus<\/p>\n<p>\u25aaDisfon\u00eda espasm\u00f3dica y otras patolog\u00edas con temblor asociado<b>\u00a0<\/b><\/p>\n<h3><strong>PRECIO DEL CURSO Y DURACI\u00d3N<\/strong><\/h3>\n<p><b>60 horas (7,8 Cr\u00e9ditos) <\/b><\/p>\n<p>(Formaci\u00f3n te\u00f3rica + Pr\u00e1ctica + Evaluaci\u00f3n + Tutor\u00edas + Trabajo aut\u00f3nomo)<\/p>\n<p>Precio del curso completo <b>350 \u20ac <\/b>(IVA INCLUIDO).<\/p>\n<p><i>*<\/i><b><i>280 \u20ac<\/i><\/b><i> para estudiantes en formaci\u00f3n oficial de grado, postgrado y m\u00e9dicos residentes.<\/i><\/p>\n<p><b><i>La matr\u00edcula incluye una licencia anual individual de <\/i><\/b><b><i>Voice<\/i><\/b> <b><i>Clinical<\/i><\/b> <b><i>Systems<\/i><\/b><b><i>\u00ae para el uso del An\u00e1lisis Biomec\u00e1nico de la voz.<\/i><\/b><\/p>\n<h3><strong>INSTRUCCIONES PARA MATRICULARSE AL CURSO<\/strong><\/h3>\n<ol>\n<li>Completar el formulario de inscripci\u00f3n en este carrito.<\/li>\n<li>Realizar el pago a trav\u00e9s de nuestra pasarela de pago seguro o mediante transferencia o tarjeta de cr\u00e9dito. En caso de transferencia mandar justificante de pago a secretaria@ifmec.com<\/li>\n<li>Recibir\u00e1 en su mail el usuario y contrase\u00f1a para acceder al Campus Virtual Ifmec y a su curso.<\/li>\n<\/ol>\n<h3><strong>INSTRUCCIONES PARA LA RENOVACION ANUAL PROFESIONAL APP<\/strong><\/h3>\n<ol>\n<li>Completar el formulario de inscripci\u00f3n en este carrito.<\/li>\n<li>Realizar el pago a trav\u00e9s de nuestra pasarela de pago seguro o mediante transferencia o tarjeta de cr\u00e9dito. En caso de transferencia mandar justificante de pago a secretaria@ifmec.com<\/li>\n<\/ol>\n<h3><strong>PRECIO RENOVACI\u00d3N SUSCRIPCI\u00d3N APP<\/strong><\/h3>\n<p>Precio suscripci\u00f3n Anual Profesional App: <strong>145,20 IVA incl.\u00a0<\/strong><\/p>\n<p>Puedes suscribirte tambi\u00e9n a trav\u00e9s de la web de <a href=\"https:\/\/voiceclinicalsystems.com\/en\/\">Voice Clinical Systems <\/a>o a trav\u00e9s de este carrito de IFMEC siguiendo las instrucciones detalladas a continuaci\u00f3n.<\/p>\n","protected":false},"excerpt":{"rendered":"<p>El Curso Online de Biomec\u00e1nica de la Voz est\u00e1 dise\u00f1ado para integrar la formaci\u00f3n te\u00f3rica b\u00e1sica con los aspectos cl\u00ednicos esenciales que caracterizan las diferentes patolog\u00edas de la voz.<\/p>\n","protected":false},"featured_media":9189,"template":"","meta":[],"product_cat":[16,22,23],"product_tag":[],"class_list":["post-6160","product","type-product","status-publish","has-post-thumbnail","hentry","product_cat-laringologia","product_cat-cursos-online","product_cat-cursos-vithas","pa_modalidad-280-e-para-estudiantes-en-formacion","pa_modalidad-350-curso-completo","pa_modalidad-formacion-teorica-practica-evaluacion-tutorias-trabajo-autonomo-2","pa_modalidad-para-estudiantes-en-formacion-formacion-teorica-practica-evaluacion-tutorias-trabajo-autonomo","pa_modalidad-suscripcion-anual-profesional-app"],"_links":{"self":[{"href":"https:\/\/ifmec.com\/en\/wp-json\/wp\/v2\/product\/6160","targetHints":{"allow":["GET"]}}],"collection":[{"href":"https:\/\/ifmec.com\/en\/wp-json\/wp\/v2\/product"}],"about":[{"href":"https:\/\/ifmec.com\/en\/wp-json\/wp\/v2\/types\/product"}],"wp:featuredmedia":[{"embeddable":true,"href":"https:\/\/ifmec.com\/en\/wp-json\/wp\/v2\/media\/9189"}],"wp:attachment":[{"href":"https:\/\/ifmec.com\/en\/wp-json\/wp\/v2\/media?parent=6160"}],"wp:term":[{"taxonomy":"product_cat","embeddable":true,"href":"https:\/\/ifmec.com\/en\/wp-json\/wp\/v2\/product_cat?post=6160"},{"taxonomy":"product_tag","embeddable":true,"href":"https:\/\/ifmec.com\/en\/wp-json\/wp\/v2\/product_tag?post=6160"}],"curies":[{"name":"wp","href":"https:\/\/api.w.org\/{rel}","templated":true}]}}