{"id":5135,"date":"2021-03-24T19:20:01","date_gmt":"2021-03-24T18:20:01","guid":{"rendered":"https:\/\/ifmec.com\/?post_type=product&#038;p=5135"},"modified":"2025-10-17T11:40:42","modified_gmt":"2025-10-17T09:40:42","slug":"3-edicion-curso-online-apnea-obstructiva-del-sueno","status":"publish","type":"product","link":"https:\/\/ifmec.com\/en\/producto\/3-edicion-curso-online-apnea-obstructiva-del-sueno\/","title":{"rendered":"3\u00aa  EDICI\u00d3N CURSO ONLINE APNEA OBSTRUCTIVA DEL SUE\u00d1O"},"content":{"rendered":"<p><a class=\"btn btn-info\" href=\"https:\/\/ifmec.com\/wp-content\/uploads\/2021\/03\/2025-CURSO-online-AOS-Abr-Oct-2ed-1.pdf\">PROGRAMA DEL CURSO<\/a><\/p>\n<p>&nbsp;<\/p>\n<h3><strong>DIRECTORES<\/strong><\/h3>\n<p><strong>Prof. Guillermo Plaza, Dr. Peter Baptista, Dr. Carlos O&#8217;Connor.<\/strong><\/p>\n<h3>OBJETIVOS DEL CURSO<\/h3>\n<p>Os presentamos la tercera edici\u00f3n de Curso sobre la Apnea Obstructiva del Sue\u00f1o (AOS). En la actualidad, y mas a\u00fan debido a la pandemia por COVID-19, la formaci\u00f3n online se est\u00e1 consolidando como un m\u00e9todo v\u00e1lido para impartir ense\u00f1anza, que tambi\u00e9n queremos aplicar a la AOS.<\/p>\n<p>Este es un curso multidisciplinar que hemos dise\u00f1ado para seguir de forma secuencial y libre durante un curso acad\u00e9mico, repleto de contenidos te\u00f3ricos y videos pr\u00e1cticos.<\/p>\n<p>Adem\u00e1s, contaremos con la presencia de aut\u00e9nticos expertos en el tema, siendo esta una oportunidad \u00fanica de aprender directamente los maestros.<\/p>\n<h3><strong>PROFESORES<\/strong><\/h3>\n<div class=\"page\" title=\"Page 2\">\n<div class=\"section\">\n<div class=\"layoutArea\">\n<div class=\"column\">\n<ul>\n<li>Marta Alcaraz Fuentes. Especialista en Otorrinolaringolog\u00eda. Hospital Sanitas La Zarzuela. Madrid, Espa\u00f1a.<\/li>\n<li>Gabriela Bosco Morales. Especialista en Otorrinolaringolog\u00eda. Hospital Univ. de Fuenlabrada. Hospital Sanitas La Zarzuela. Madrid, Espa\u00f1a.<\/li>\n<li>Marina Carrasco. Especialista en Otorrinolaringolog\u00eda. Hospital Doctor Peset. Valencia.<\/li>\n<li>Patricia Fern\u00e1ndez Sanjuan. Odont\u00f3loga especialista en AOS. Hospital Sanitas La Zarzuela. Madrid, Espa\u00f1a<\/li>\n<li>Rodolfo Lugo. Especialista en Otorrinolaringolog\u00eda. Hospital de Monterrey. M\u00e9xico.<\/li>\n<li>Lourdes Maniegas. Especialista en Cirug\u00eda Maxilofacial. Fundaci\u00f3n Jim\u00e9nez D\u00edaz. Madrid, Espa\u00f1a.<\/li>\n<li>Alfonso Marco. Especialista en Otorrinolaringolog\u00eda. Hospital Universitario Reina Sof\u00eda. Murcia.<\/li>\n<li>Olga Mediano. Especialista en Neumolog\u00eda. Hospital Universitario de Guadalajara.<\/li>\n<li>Marta Morato. Especialista en Otorrinolaringolog\u00eda. Hospital Univ. de Fuenlabrada. Hospital Sanitas La Zarzuela. Madrid, Espa\u00f1a.<\/li>\n<li>Ana Navazo. Jefe de Servicio de Otorrinolaringolog\u00eda. Hospital Universitario de Burgos.<\/li>\n<li>Nuria P\u00e9rez Mar\u00edn. Especialista en Otorrinolaringolog\u00eda. Hospital Univ. de Fuenlabrada. Hospital Sanitas La Zarzuela. Madrid, Espa\u00f1a.<\/li>\n<li>Miguel \u00c1ngel Racionero. Especialista en Neumolog\u00eda. Hospital Universitario de Fuenlabrada Alejandra Roncero. Especialista en Neumolog\u00eda. Hospital San Pedro. Logro\u00f1o.<\/li>\n<li>Javier Vila. Jefe de Servicio de Otorrinolaringolog\u00eda. Complex Hospitalari Mois\u00e8s Broggi, Sant Joan Despi, Vall d\u00b4Hebron.<\/li>\n<li>Eugenio Vicente. Jefe de Secci\u00f3n de Otorrinolaringolog\u00eda. Hospital Universitario Miguel Servet. Zaragoza.<\/li>\n<\/ul>\n<\/div>\n<div class=\"column\">\n<h3>M\u00c1S INFORMACI\u00d3N<\/h3>\n<ul>\n<li><strong>PRECIO: <\/strong>300\u20ac (21 %IVA INCLUIDO)<\/li>\n<li><strong>IDIOMA:<\/strong> Espa\u00f1ol.<\/li>\n<li><strong>SEDE:<\/strong>\u00a0<a title=\"Campus Ifmec\" href=\"http:\/\/campus.ifmec.com\/\" target=\"_blank\" rel=\"noopener noreferrer\"><strong>Campus online<\/strong><\/a>.<\/li>\n<\/ul>\n<h3><strong>INSTRUCCIONES PARA MATRICULARSE<\/strong><\/h3>\n<p>Completar el formulario de inscripci\u00f3n al adquirir el curso.<\/p>\n<ul>\n<li style=\"list-style-type: none;\">\n<ul>\n<li>Realizar el pago a trav\u00e9s de nuestra pasarela de pago seguro o mediante transferencia<b>.<\/b><\/li>\n<li>En caso de transferencia mandar justificante de pago a<strong>\u00a0<a href=\"mailto:secretaria@ifmec.com\">secretaria@ifmec.com<\/a>.\u00a0<\/strong><\/li>\n<li>Recibir\u00e1 <strong>en su mail el usuario y contrase\u00f1a<\/strong> para acceder al Campus Virtual Ifmec y a su curso.<\/li>\n<\/ul>\n<\/li>\n<\/ul>\n<\/div>\n<\/div>\n<\/div>\n<\/div>\n<p><a href=\"https:\/\/ifmec.com\/wp-content\/uploads\/2021\/03\/3-edicicio\u0301n-CURSO-online-AOS-Abr-Oct-2ed-1.pdf\"><strong>M<\/strong><strong>AS INFORMACI\u00d3N Y PROGRAMA<\/strong><\/a><\/p>\n","protected":false},"excerpt":{"rendered":"<p>PROGRAMA DEL CURSO &nbsp; DIRECTORES Prof. Guillermo Plaza, Dr. Peter Baptista, Dr. Carlos O&#8217;Connor. OBJETIVOS [&hellip;]<\/p>\n","protected":false},"featured_media":10993,"template":"","meta":[],"product_cat":[335,22],"product_tag":[],"class_list":["post-5135","product","type-product","status-publish","has-post-thumbnail","hentry","product_cat-saos","product_cat-cursos-online","pa_modalidad-300-precio-curso"],"_links":{"self":[{"href":"https:\/\/ifmec.com\/en\/wp-json\/wp\/v2\/product\/5135","targetHints":{"allow":["GET"]}}],"collection":[{"href":"https:\/\/ifmec.com\/en\/wp-json\/wp\/v2\/product"}],"about":[{"href":"https:\/\/ifmec.com\/en\/wp-json\/wp\/v2\/types\/product"}],"wp:featuredmedia":[{"embeddable":true,"href":"https:\/\/ifmec.com\/en\/wp-json\/wp\/v2\/media\/10993"}],"wp:attachment":[{"href":"https:\/\/ifmec.com\/en\/wp-json\/wp\/v2\/media?parent=5135"}],"wp:term":[{"taxonomy":"product_cat","embeddable":true,"href":"https:\/\/ifmec.com\/en\/wp-json\/wp\/v2\/product_cat?post=5135"},{"taxonomy":"product_tag","embeddable":true,"href":"https:\/\/ifmec.com\/en\/wp-json\/wp\/v2\/product_tag?post=5135"}],"curies":[{"name":"wp","href":"https:\/\/api.w.org\/{rel}","templated":true}]}}