{"id":3743,"date":"2019-12-11T18:12:58","date_gmt":"2019-12-11T17:12:58","guid":{"rendered":"https:\/\/ifmec.com\/?post_type=product&#038;p=3743"},"modified":"2024-01-25T11:59:54","modified_gmt":"2024-01-25T10:59:54","slug":"curso-online-de-lectura-de-tac-de-cuello-en-orl","status":"publish","type":"product","link":"https:\/\/ifmec.com\/en\/producto\/curso-online-de-lectura-de-tac-de-cuello-en-orl\/","title":{"rendered":"Curso ONLINE de lectura de TAC de Cuello en ORL"},"content":{"rendered":"<p><a class=\"btn btn-info\" href=\"https:\/\/ifmec.com\/wp-content\/uploads\/2019\/12\/DIPTICO-TAC-cuello-vCURSO-2024.pdf\">PROGRAMADELCURSO<\/a><\/p>\n<h3><strong>Directores:<\/strong><\/h3>\n<p>Dra. Ana Marco. Radi\u00f3loga<br \/>\nDr. \u00c1ngel Rodr\u00edguez. ORL<br \/>\nDra. Mar\u00eda Angeles D\u00edaz Sastre. ORL<\/p>\n<p>El presente Curso online de Lectura de TAC de Cuello en ORL est\u00e1 dise\u00f1ado para que el alumno adquiera todos los conocimientos y habilidades b\u00e1sicas que precisa en el manejo de las im\u00e1genes TAC en el \u00e1rea ORL.<\/p>\n<h3>OBJETIVOS DEL CURSO<\/h3>\n<ol>\n<li>Dise\u00f1ar una forma sistematizada de estudio del TAC de cuello, paso a paso.<\/li>\n<li>Crear una gu\u00eda de puntos anat\u00f3micos de referencia para la lectura de la im\u00e1genes.<\/li>\n<li>Establecer relaciones anat\u00f3micas estables entre estructuras nasales que permitan una cirug\u00eda adecuada y segura de las mismas.<\/li>\n<\/ol>\n<h3>M\u00c1S INFORMACI\u00d3N<\/h3>\n<ul>\n<li><strong>FECHAS:<\/strong>\u00a0matr\u00edcula abierta. Desde el momento del alta en el campus, el curso tiene una duraci\u00f3n de tres meses.<\/li>\n<li><strong>CREDITOS: <span style=\"color: #000080;\">Curso pendiente de acreditaci\u00f3n<\/span>. <\/strong>Acreditado el anterior curso con con 3,2 cr\u00e9ditos por la Comisi\u00f3n de Formaci\u00f3n Continuada de las Profesiones Sanitarias de la Comunidad de Madrid (Consejer\u00eda de Sanidad, Direcci\u00f3n General de Investigaci\u00f3n, Formaci\u00f3n e Infraestructuras Sanitarias).<\/li>\n<li><strong>PRECIO:<\/strong> 200\u20ac (Iva Incluido, precio sin IVA 165,3\u20ac).<\/li>\n<li><strong>SEDE:<\/strong>\u00a0<a title=\"Campus Ifmec\" href=\"http:\/\/campus.ifmec.com\/\" target=\"_blank\" rel=\"noopener noreferrer\"><strong>Campus online<\/strong><\/a>.<\/li>\n<\/ul>\n<h3><strong>INSTRUCCIONES PARA MATRICULARSE<\/strong><\/h3>\n<ol>\n<li>Completar el formulario de inscripci\u00f3n al adquirir el curso.<\/li>\n<li>Realizar el pago a trav\u00e9s de nuestra pasarela de pago seguro o mediante transferencia.<\/li>\n<li>En caso de transferencia mandar justificante de pago a<strong>\u00a0<a href=\"mailto:secretaria@ifmec.com\">secretaria@ifmec.com<\/a>.\u00a0<\/strong><\/li>\n<li>Recibir\u00e1 <strong>en su mail el usuario y contrase\u00f1a<\/strong> para acceder al Campus Virtual Ifmec y a su curso.<\/li>\n<\/ol>\n","protected":false},"excerpt":{"rendered":"<p><strong>Directores:<\/strong><\/p>\n<p>Dra. Ana Marco. Radi\u00f3loga<br \/>\nDr. \u00c1ngel Rodr\u00edguez. ORL<br \/>\nDra. Mar\u00eda Angeles D\u00edaz Sastre. ORL<\/p>\n<p><strong>Curso ONLINE\u00a0de\u00a0LECTURA de TAC de Cuello en ORL<\/strong><\/p>\n<p>El presente Curso online de Lectura de TAC de Cuello en ORL est\u00e1 dise\u00f1ado para que el alumno adquiera todos los conocimientos y habilidades b\u00e1sicas que precisa en el manejo de las im\u00e1genes TAC en el \u00e1rea ORL.<\/p>\n<p>Tiene como objetivos<\/p>\n<div>1.- Dise\u00f1ar una forma sistematizada de estudio del TAC de cuello, paso a paso.<\/div>\n<div>2.- Crear una gu\u00eda de puntos anat\u00f3micos de referencia para la lectura de la im\u00e1genes.<\/div>\n<div>3.- Establecer relaciones anat\u00f3micas estables entre estructuras nasales que permitan una cirug\u00eda adecuada y segura de las mismas.<\/div>\n<p><a href=\"https:\/\/www.ifmec.com\/images\/cursos\/DIPTICO%20TAC%20cuello%20v1.pdf\" target=\"_blank\" rel=\"noopener noreferrer\"><strong>M\u00c1S INFORMACI\u00d3N<\/strong><\/a><\/p>\n<p><strong>FECHAS:<\/strong>\u00a0matr\u00edcula abierta. Desde el momento del alta en el campus, el curso tiene una duraci\u00f3n de tres meses.<\/p>\n<p><strong>CREDITOS:\u00a0<\/strong>Acreditado con 2,6 cr\u00e9ditos por la Comisi\u00f3n de Formaci\u00f3n Continuada de las Profesiones Sanitarias de la Comunidad de Madrid (Consejer\u00eda de Sanidad, Direcci\u00f3n General de Investigaci\u00f3n, Formaci\u00f3n e Infraestructuras Sanitarias).<\/p>\n<p><strong>PRECIO:<\/strong>\u00a0200\u20ac (Iva Incluido, precio sin IVA 165,3\u20ac)<\/p>\n<p><strong>SEDE:<\/strong>\u00a0<a title=\"Campus Ifmec\" href=\"http:\/\/campus.ifmec.com\/\" target=\"_blank\" rel=\"noopener noreferrer\"><strong>Campus online<\/strong><\/a>.<\/p>\n<p><strong>INSTRUCCIONES PARA MATRICULARSE:<\/strong><\/p>\n<p>1.- Completar el formulario de inscripci\u00f3n\u00a0<a href=\"https:\/\/www.ifmec.com\/index.php\/formulario-de-inscripcion\" target=\"_blank\" rel=\"noopener noreferrer\"><strong>http:\/\/www.ifmec.com\/index.php\/formulario-de-inscripcion<\/strong><\/a><\/p>\n<p>2.- Realizar el pago a trav\u00e9s de nuestra pasarela de pago seguro o mediante transferencia<strong>\u00a0<a href=\"https:\/\/www.ifmec.com\/index.php\/formulario-de-inscripcion\" target=\"_blank\" rel=\"noopener noreferrer\">http:\/\/www.ifmec.com\/index.php\/formulario-de-inscripcion<\/a><\/strong><\/p>\n<p>3.- En caso de transferencia mandar justificante de pago a<strong>\u00a0<a href=\"mailto:secretaria@ifmec.com\">secretaria@ifmec.com<\/a>\u00a0<\/strong><\/p>\n<p>4.- Recibir\u00e1\u00a0<strong>en su mail el usuario y contrase\u00f1a<\/strong>\u00a0para acceder al Campus Virtual Ifmec y a su curso<\/p>\n","protected":false},"featured_media":8915,"template":"","meta":[],"product_cat":[21,22],"product_tag":[],"class_list":["post-3743","product","type-product","status-publish","has-post-thumbnail","hentry","product_cat-radiologia","product_cat-cursos-online","pa_modalidad-curso-online"],"_links":{"self":[{"href":"https:\/\/ifmec.com\/en\/wp-json\/wp\/v2\/product\/3743","targetHints":{"allow":["GET"]}}],"collection":[{"href":"https:\/\/ifmec.com\/en\/wp-json\/wp\/v2\/product"}],"about":[{"href":"https:\/\/ifmec.com\/en\/wp-json\/wp\/v2\/types\/product"}],"wp:featuredmedia":[{"embeddable":true,"href":"https:\/\/ifmec.com\/en\/wp-json\/wp\/v2\/media\/8915"}],"wp:attachment":[{"href":"https:\/\/ifmec.com\/en\/wp-json\/wp\/v2\/media?parent=3743"}],"wp:term":[{"taxonomy":"product_cat","embeddable":true,"href":"https:\/\/ifmec.com\/en\/wp-json\/wp\/v2\/product_cat?post=3743"},{"taxonomy":"product_tag","embeddable":true,"href":"https:\/\/ifmec.com\/en\/wp-json\/wp\/v2\/product_tag?post=3743"}],"curies":[{"name":"wp","href":"https:\/\/api.w.org\/{rel}","templated":true}]}}