{"id":3737,"date":"2019-12-11T17:59:00","date_gmt":"2019-12-11T16:59:00","guid":{"rendered":"https:\/\/ifmec.com\/?post_type=product&#038;p=3737"},"modified":"2024-01-25T12:00:58","modified_gmt":"2024-01-25T11:00:58","slug":"curso-online-de-lectura-de-tac-de-senos-paranasales-en-orl","status":"publish","type":"product","link":"https:\/\/ifmec.com\/en\/producto\/curso-online-de-lectura-de-tac-de-senos-paranasales-en-orl\/","title":{"rendered":"Curso ONLINE de lectura de TAC de Senos Paranasales en ORL"},"content":{"rendered":"<p><a class=\"btn btn-info\" href=\"https:\/\/ifmec.com\/wp-content\/uploads\/2019\/12\/DIPTICO-TAC-senos-paranasales-v2024-1.pdf\">PROGRAMADELCURSO<\/a><\/p>\n<h4><strong>Directores:<\/strong><\/h4>\n<h4>Dr. \u00c1ngel Rodr\u00edguez. ORL<\/h4>\n<h4>Dra. Ana Marco. Radi\u00f3loga<\/h4>\n<p>El presente Curso online de Lectura de TAC de Senos Paranasales en ORL est\u00e1 dise\u00f1ado para que el alumno adquiera todos los conocimientos y habilidades b\u00e1sicas que precisa en el manejo de las im\u00e1genes TAC en el \u00e1rea ORL.<\/p>\n<h3>OBJETIVOS DEL CURSO<\/h3>\n<ol>\n<li>Dise\u00f1ar una forma sistematizada de estudio del TAC de los senos paranasales, paso a paso.<\/li>\n<li>Crear una gu\u00eda de puntos anat\u00f3micos de referencia para la lectura de la im\u00e1genes.<\/li>\n<li>Establecer relaciones anat\u00f3micas estables entre estructuras nasales que permitan una cirug\u00eda adecuada y segura de las mismas.<\/li>\n<\/ol>\n<h3><a href=\"https:\/\/ifmec.com\/wp-content\/uploads\/2020\/01\/TACOSENOS20.pdf\"><strong>M\u00c1S INFORMACI\u00d3N<\/strong><\/a><\/h3>\n<ul>\n<li><strong>FECHAS:<\/strong>\u00a0matr\u00edcula abierta. Desde el momento del alta en el campus, el curso tiene una duraci\u00f3n de tres meses.<\/li>\n<li><strong>CREDITOS:\u00a0<\/strong><strong><span style=\"color: #0000ff;\">Curso pendiente de acreditaci\u00f3n.<\/span><\/strong> Acreditado el anterior curso con 3,4 cr\u00e9ditos por la Comisi\u00f3n de Formaci\u00f3n Continuada de las Profesiones Sanitarias de la Comunidad de Madrid (Consejer\u00eda de Sanidad, Direcci\u00f3n General de Investigaci\u00f3n, Formaci\u00f3n e Infraestructuras Sanitarias).<\/li>\n<li><strong>PRECIO:<\/strong>\u00a0200\u20ac (Iva Incluido, precio sin IVA 165,3\u20ac)<\/li>\n<li><strong>SEDE:<\/strong>\u00a0<a title=\"Campus Ifmec\" href=\"http:\/\/campus.ifmec.com\/\" target=\"_blank\" rel=\"noopener noreferrer\"><strong>Campus online<\/strong><\/a>.<\/li>\n<\/ul>\n<h3><strong>INSTRUCCIONES PARA MATRICULARSE:<\/strong><\/h3>\n<ol>\n<li>Completar el formulario de inscripci\u00f3n.<\/li>\n<li>Realizar el pago a trav\u00e9s de nuestra pasarela de pago seguro o mediante transferencia.<\/li>\n<li>En caso de transferencia mandar justificante de pago a<strong>\u00a0<a href=\"mailto:secretaria@ifmec.com\">secretaria@ifmec.com.<\/a>\u00a0<\/strong><\/li>\n<li>Recibir\u00e1 <strong>en su mail el usuario y contrase\u00f1a<\/strong> para acceder al Campus Virtual Ifmec y a su curso.<\/li>\n<\/ol>\n","protected":false},"excerpt":{"rendered":"<p>PROGRAMADELCURSO Directores: Dr. \u00c1ngel Rodr\u00edguez. ORL Dra. Ana Marco. Radi\u00f3loga El presente Curso online de [&hellip;]<\/p>\n","protected":false},"featured_media":8908,"template":"","meta":[],"product_cat":[21,22],"product_tag":[],"class_list":["post-3737","product","type-product","status-publish","has-post-thumbnail","hentry","product_cat-radiologia","product_cat-cursos-online","pa_modalidad-curso-online"],"_links":{"self":[{"href":"https:\/\/ifmec.com\/en\/wp-json\/wp\/v2\/product\/3737","targetHints":{"allow":["GET"]}}],"collection":[{"href":"https:\/\/ifmec.com\/en\/wp-json\/wp\/v2\/product"}],"about":[{"href":"https:\/\/ifmec.com\/en\/wp-json\/wp\/v2\/types\/product"}],"wp:featuredmedia":[{"embeddable":true,"href":"https:\/\/ifmec.com\/en\/wp-json\/wp\/v2\/media\/8908"}],"wp:attachment":[{"href":"https:\/\/ifmec.com\/en\/wp-json\/wp\/v2\/media?parent=3737"}],"wp:term":[{"taxonomy":"product_cat","embeddable":true,"href":"https:\/\/ifmec.com\/en\/wp-json\/wp\/v2\/product_cat?post=3737"},{"taxonomy":"product_tag","embeddable":true,"href":"https:\/\/ifmec.com\/en\/wp-json\/wp\/v2\/product_tag?post=3737"}],"curies":[{"name":"wp","href":"https:\/\/api.w.org\/{rel}","templated":true}]}}