{"id":14832,"date":"2026-05-13T16:17:25","date_gmt":"2026-05-13T14:17:25","guid":{"rendered":"https:\/\/ifmec.com\/?post_type=product&#038;p=14832"},"modified":"2026-05-13T16:22:40","modified_gmt":"2026-05-13T14:22:40","slug":"hla-orl-forum-2026-madrid-18-de-junio-de-2026","status":"publish","type":"product","link":"https:\/\/ifmec.com\/en\/producto\/hla-orl-forum-2026-madrid-18-de-junio-de-2026\/","title":{"rendered":"HLA ORL Forum 2026 Madrid. 18 de junio de 2026"},"content":{"rendered":"<p><a class=\"btn btn-info\"\n\n<h3><a href=\"https:\/\/ifmec.com\/wp-content\/uploads\/2026\/05\/Programa-con-aval.pdf\">PROGRAMA<\/a><\/h3>\n<h3><\/h3>\n<h3>Descripci\u00f3n<\/h3>\n<p>HLA ORL Forum nace con la vocaci\u00f3n de convertirse en un punto de encuentro anual para los profesionales de Otorrinolaringolog\u00eda y su entorno.<\/p>\n<p>Este foro pretende integrar la innovaci\u00f3n y la pr\u00e1ctica cl\u00ednica real en todas sus dimensiones, fomentando un debate honesto y enriquecedor entre profesionales. La primera edici\u00f3n, que se celebrar\u00e1 en el Hospital Universitario HLA Moncloa, adopta un formato de media jornada, de tarde, orientado a maximizar el intercambio de conocimiento.<\/p>\n<p>Tendr\u00e1 tres bloques con una breve parte expositiva, y una discusi\u00f3n abierta de temas transversales, en la que se propiciar\u00e1 la participaci\u00f3n de los asistentes. En esta primera edici\u00f3n, el foro ofrecer\u00e1 adem\u00e1s la oportunidad de conocer las nuevas instalaciones del Servicio de ORL, Cirug\u00eda de Cabeza y Cuello, y Audiolog\u00eda, as\u00ed como la reciente y ambiciosa renovaci\u00f3n del Hospital.<\/p>\n<p>La jornada se celebrar\u00e1 en el nuevo Sal\u00f3n de Actos ubicado en la \u00faltima planta, un espacio moderno y singular que se abre a una amplia terraza, creando un entorno excepcional para el networking.<\/p>\n<h4>Objetivos<\/h4>\n<ul>\n<li>Promover el intercambio de conocimiento entre profesionales ORL.<\/li>\n<li>Integrar innovaci\u00f3n tecnol\u00f3gica y pr\u00e1ctica cl\u00ednica.<\/li>\n<li>Debatir sobre tendencias actuales y futuras en Otorrinolaringolog\u00eda.<\/li>\n<li>Favorecer la participaci\u00f3n y discusi\u00f3n multidisciplinar.<\/li>\n<li>Generar un espacio de networking profesional.<\/li>\n<\/ul>\n<h4 data-section-id=\"lm4ar9\" data-start=\"2003\" data-end=\"2029\">Comit\u00e9 \/ Participantes<\/h4>\n<ul data-start=\"2030\" data-end=\"2169\">\n<li data-section-id=\"eoxgzo\" data-start=\"2030\" data-end=\"2044\">Jose Granell<\/li>\n<li data-section-id=\"1hvmc25\" data-start=\"2045\" data-end=\"2063\">Beatriz Arellano<\/li>\n<li data-section-id=\"12tggnf\" data-start=\"2064\" data-end=\"2081\">\u00c1lvaro Carrillo<\/li>\n<li data-section-id=\"3mekm1\" data-start=\"2082\" data-end=\"2100\">Andrea Escribano<\/li>\n<li data-section-id=\"1myc4o1\" data-start=\"2101\" data-end=\"2122\">Carlos Garc\u00eda Recio<\/li>\n<li data-section-id=\"ah4xob\" data-start=\"2123\" data-end=\"2138\">Juan Granados<\/li>\n<li data-section-id=\"x9ofuo\" data-start=\"2139\" data-end=\"2154\">Tom\u00e1s Onrubia<\/li>\n<li data-section-id=\"bqzqva\" data-start=\"2155\" data-end=\"2169\">Alex Ram\u00edrez<\/li>\n<\/ul>\n<h4 data-section-id=\"6udusv\" data-start=\"63\" data-end=\"72\">Fecha<\/h4>\n<p data-start=\"73\" data-end=\"92\">18 de junio de 2026<\/p>\n<h4 data-section-id=\"74iuq3\" data-start=\"94\" data-end=\"103\">Lugar<\/h4>\n<p data-start=\"104\" data-end=\"179\">Hospital HLA Universitario Moncloa<br data-start=\"138\" data-end=\"141\" \/>Avda. de Valladolid, 83<br data-start=\"164\" data-end=\"167\" \/>28008 Madrid<\/p>\n<h4 data-section-id=\"4w0k4h\" data-start=\"181\" data-end=\"193\">Organiza<\/h4>\n<p data-start=\"194\" data-end=\"304\">Servicio de Otorrinolaringolog\u00eda, Cirug\u00eda de Cabeza y Cuello y Audiolog\u00eda<br data-start=\"267\" data-end=\"270\" \/>Hospital HLA Universitario Moncloa<\/p>\n<h4 data-section-id=\"12ic4pz\" data-start=\"2171\" data-end=\"2190\">Aval cient\u00edfico<\/h4>\n<p data-start=\"2191\" data-end=\"2265\">Con el aval cient\u00edfico de la Asociaci\u00f3n Madrile\u00f1a de Otorrinolaringolog\u00eda.<\/p>\n<h4 data-section-id=\"aciyvh\" data-start=\"2267\" data-end=\"2282\">Inscripci\u00f3n<\/h4>\n<p data-start=\"2283\" data-end=\"2306\" data-is-last-node=\"\" data-is-only-node=\"\">Gratuita<\/p>\n","protected":false},"excerpt":{"rendered":"","protected":false},"featured_media":14833,"template":"","meta":[],"product_cat":[257,17,15,18],"product_tag":[],"class_list":["post-14832","product","type-product","status-publish","has-post-thumbnail","hentry","product_cat-cabeza-y-cuello","product_cat-otologia","product_cat-sin-categorizar","product_cat-rinologia","pa_modalidad-inscripcion"],"_links":{"self":[{"href":"https:\/\/ifmec.com\/en\/wp-json\/wp\/v2\/product\/14832","targetHints":{"allow":["GET"]}}],"collection":[{"href":"https:\/\/ifmec.com\/en\/wp-json\/wp\/v2\/product"}],"about":[{"href":"https:\/\/ifmec.com\/en\/wp-json\/wp\/v2\/types\/product"}],"wp:featuredmedia":[{"embeddable":true,"href":"https:\/\/ifmec.com\/en\/wp-json\/wp\/v2\/media\/14833"}],"wp:attachment":[{"href":"https:\/\/ifmec.com\/en\/wp-json\/wp\/v2\/media?parent=14832"}],"wp:term":[{"taxonomy":"product_cat","embeddable":true,"href":"https:\/\/ifmec.com\/en\/wp-json\/wp\/v2\/product_cat?post=14832"},{"taxonomy":"product_tag","embeddable":true,"href":"https:\/\/ifmec.com\/en\/wp-json\/wp\/v2\/product_tag?post=14832"}],"curies":[{"name":"wp","href":"https:\/\/api.w.org\/{rel}","templated":true}]}}