{"id":14778,"date":"2026-05-09T12:07:01","date_gmt":"2026-05-09T10:07:01","guid":{"rendered":"https:\/\/ifmec.com\/?post_type=product&#038;p=14778"},"modified":"2026-05-09T12:20:01","modified_gmt":"2026-05-09T10:20:01","slug":"xix-curso-multidisciplinar-sobre-aos-curso-multidisciplinar-sobre-aos-24-25-de-septiembre-2026","status":"publish","type":"product","link":"https:\/\/ifmec.com\/en\/producto\/xix-curso-multidisciplinar-sobre-aos-curso-multidisciplinar-sobre-aos-24-25-de-septiembre-2026\/","title":{"rendered":"XIX Curso multidisciplinar sobre AOS Curso multidisciplinar  sobre AOS. 24-25 de Septiembre, 2026"},"content":{"rendered":"<p><a class=\"btn btn-info\" href=\"https:\/\/ifmec.com\/wp-content\/uploads\/2026\/05\/PROGRAMA-CURSO-SAOS-Madrid-2026-09-ESPANOLV02.pdf\">PROGRAMADELCURSO<\/a><\/p>\n<h3><strong>DIRECTORES<\/strong><\/h3>\n<p><b>Guillermo Plaza. <\/b>Jefe de Servicio de Otorrinolaringolog\u00eda. Hospital Univ. de Fuenlabrada y Hospital Sanitas La Zarzuela. Profesor Titular de Otorrinolaringolog\u00eda. Universidad Rey Juan Carlos. Madrid, Espa\u00f1a.<\/p>\n<p><b>Gabriela Bosco. <\/b>Otorrinolaringolog\u00eda. Hospital Univ. de Fuenlabrada. Hospital Sanitas La Zarzuela. Madrid, Espa\u00f1a.<\/p>\n<p><b>Patricia Fern\u00e1ndez Sanjuan<\/b>. Odont\u00f3loga especialista en AOS. Hospital Sanitas La Zarzuela. Madrid, Espa\u00f1a.<\/p>\n<h3><strong>OBJETIVOS<\/strong><\/h3>\n<p>Os presentamos nuestro XVII Curso sobre la AOS.<\/p>\n<p>En esta ocasi\u00f3n, vamos a revisar la fisiopatolog\u00eda y el diagn\u00f3stico de la AOS, especialmente la exploraci\u00f3n de la v\u00eda a\u00e9rea superior, as\u00ed como la utilidad de la somnoscopia (DISE) y las principales t\u00e9cnicas quir\u00fargicas sobre paladar y lengua, as\u00ed como los avances en terapia miofuncional y odontolog\u00eda del sue\u00f1o.<\/p>\n<p>Esta edici\u00f3n es un curso te\u00f3rico y pr\u00e1ctico B\u00c1SICO, en el que, adem\u00e1s de conferencias magistrales, podremos asistir a somnoscopias en vivo.<\/p>\n<h3><strong>PROFESORES INVITADOS<\/strong><\/h3>\n<p><b>Julia Herrero<\/b>. Neumolog\u00eda. Fundaci\u00f3n Jim\u00e9nez D\u00eda. Madrid, Espa\u00f1a.<\/p>\n<p><b>Lourdes Maniegas<\/b>. Cirug\u00eda Maxilofacial. Fundaci\u00f3n Jim\u00e9nez D\u00edaz. Madrid, Espa\u00f1a.<\/p>\n<p><b>Andr\u00e9s Navarro<\/b>. Otorrinolaringolog\u00eda. Hospital Univ. de Fuenlabrada. Hospital Sanitas La Zarzuela. Madrid, Espa\u00f1a.<\/p>\n<p><b>Paula <\/b><b>Mazzei<\/b><b>. <\/b>Otorrinolaringolog\u00eda. Hospital Univ. Sanitas La Zarzuela. Madrid, Espa\u00f1a.<\/p>\n<div class=\"page\" title=\"Page 2\">\n<div class=\"section\">\n<div class=\"layoutArea\">\n<div class=\"column\">\n<h3>M\u00c1S INFORMACI\u00d3N<\/h3>\n<ul>\n<li><strong><strong><strong><strong>FECHAS: <\/strong><\/strong><\/strong><\/strong><b>24-25 de <\/b><b>Septiembre<\/b><b>, 2026<\/b><\/li>\n<li><strong>SEDE:<\/strong>\u00a0<a href=\"https:\/\/www.google.com\/maps\/place\/Hospital+Universitario+de+Fuenlabrada\/@40.2870609,-3.8157727,15z\/data=!4m5!3m4!1s0x0:0xc46b16b03cbd4725!8m2!3d40.2870609!4d-3.8157727\">HOSPITAL UNIVERSITARIO DE FUENLABRADA<\/a><\/li>\n<li><strong>INSCRIPCIONES:<\/strong><\/li>\n<\/ul>\n<\/div>\n<\/div>\n<\/div>\n<\/div>\n<p>&nbsp;<\/p>\n<p>500\u20ac. Para adjuntos.<\/p>\n<p>300\u20ac. Para residentes ORL.<\/p>\n<ul>\n<li><strong>IDIOMA:<\/strong> Espa\u00f1ol<\/li>\n<\/ul>\n<p>&nbsp;<\/p>\n","protected":false},"excerpt":{"rendered":"<p>XVII Curso sobre AOS. Edici\u00f3n B\u00e1sica en Espa\u00f1ol. 16 -17 de Octubre, 2025<\/p>\n","protected":false},"featured_media":14785,"template":"","meta":[],"product_cat":[335],"product_tag":[],"class_list":["post-14778","product","type-product","status-publish","has-post-thumbnail","hentry","product_cat-saos","pa_modalidad-300-e-residentes","pa_modalidad-500e-adjuntos"],"_links":{"self":[{"href":"https:\/\/ifmec.com\/en\/wp-json\/wp\/v2\/product\/14778","targetHints":{"allow":["GET"]}}],"collection":[{"href":"https:\/\/ifmec.com\/en\/wp-json\/wp\/v2\/product"}],"about":[{"href":"https:\/\/ifmec.com\/en\/wp-json\/wp\/v2\/types\/product"}],"wp:featuredmedia":[{"embeddable":true,"href":"https:\/\/ifmec.com\/en\/wp-json\/wp\/v2\/media\/14785"}],"wp:attachment":[{"href":"https:\/\/ifmec.com\/en\/wp-json\/wp\/v2\/media?parent=14778"}],"wp:term":[{"taxonomy":"product_cat","embeddable":true,"href":"https:\/\/ifmec.com\/en\/wp-json\/wp\/v2\/product_cat?post=14778"},{"taxonomy":"product_tag","embeddable":true,"href":"https:\/\/ifmec.com\/en\/wp-json\/wp\/v2\/product_tag?post=14778"}],"curies":[{"name":"wp","href":"https:\/\/api.w.org\/{rel}","templated":true}]}}