{"id":14773,"date":"2026-05-08T10:27:05","date_gmt":"2026-05-08T08:27:05","guid":{"rendered":"https:\/\/ifmec.com\/?post_type=product&#038;p=14773"},"modified":"2026-05-12T16:34:58","modified_gmt":"2026-05-12T14:34:58","slug":"jornada-internacional-de-cirugia-endoscopica-de-oido-14-octubre-de-2026","status":"publish","type":"product","link":"https:\/\/ifmec.com\/en\/producto\/jornada-internacional-de-cirugia-endoscopica-de-oido-14-octubre-de-2026\/","title":{"rendered":"II Jornada internacional de Cirug\u00eda endosc\u00f3pica de o\u00eddo. 14 Octubre de 2026"},"content":{"rendered":"<p><strong>PROGRAMA<\/strong><\/p>\n<p data-path-to-node=\"2,1\">La cirug\u00eda endosc\u00f3pica ha transformado el tratamiento de las patolog\u00edas del o\u00eddo medio mediante abordajes de m\u00ednima invasi\u00f3n y alta precisi\u00f3n. Esta jornada ofrece a los especialistas en ORL una inmersi\u00f3n en las t\u00e9cnicas m\u00e1s avanzadas, combinando teor\u00eda de vanguardia con la observaci\u00f3n de <b data-path-to-node=\"2,1\" data-index-in-node=\"289\">cirug\u00edas en directo<\/b> (miringoplastias y reconstrucciones osiculares).<\/p>\n<p data-path-to-node=\"2,2\">Contaremos con la participaci\u00f3n excepcional del <b data-path-to-node=\"2,2\" data-index-in-node=\"48\">Dr. St\u00e9phane Ayache<\/b>, referente mundial en la t\u00e9cnica, junto a los doctores <b data-path-to-node=\"2,2\" data-index-in-node=\"123\">Mar Lasso de la Vega<\/b> y <b data-path-to-node=\"2,2\" data-index-in-node=\"146\">Jos\u00e9 Carlos Casqueiro<\/b>. Un foro exclusivo para debatir el presente y futuro de la endoscopia otol\u00f3gica a trav\u00e9s de mesas redondas y discusi\u00f3n cl\u00ednica de casos reales.<\/p>\n<p>&nbsp;<\/p>\n<h4>FECHAS:<\/h4>\n<p>14 Octubre de 2026<\/p>\n<h4>SEDE:<\/h4>\n<p><a href=\"https:\/\/www.google.com\/maps\/place\/Hospital+Universitario+Severo+Ochoa\/@40.3203068,-3.7741688,17z\/data=!4m6!3m5!1s0xd418a2437ad3ecd:0x3f3b9abe1c017d96!8m2!3d40.3203068!4d-3.7694052!16s%2Fg%2F11xdw4vfd?entry=ttu&amp;g_ep=EgoyMDI1MDYwNC4wIKXMDSoASAFQAw%3D%3D\">Hospital Universitario Severo Ochoa. <\/a>Av. de Orellana, s\/n, 28914 Legan\u00e9s, Madrid<span class=\"OYPEnA font-feature-liga-off font-feature-clig-off font-feature-calt-off text-decoration-none text-strikethrough-none\">.<\/span><\/p>\n<h4>PRECIO:<\/h4>\n<ul>\n<li><span class=\"OYPEnA font-feature-liga-off font-feature-clig-off font-feature-calt-off text-decoration-none text-strikethrough-none\">Adjuntos: 150 \u20ac<\/span><\/li>\n<li><span class=\"OYPEnA font-feature-liga-off font-feature-clig-off font-feature-calt-off text-decoration-none text-strikethrough-none\">Residentes: 50 \u20ac<\/span><\/li>\n<\/ul>\n<p class=\"cvGsUA direction-ltr align-start para-style-body\">\n","protected":false},"excerpt":{"rendered":"<p>PROGRAMA La cirug\u00eda endosc\u00f3pica ha transformado el tratamiento de las patolog\u00edas del o\u00eddo medio mediante [&hellip;]<\/p>\n","protected":false},"featured_media":14804,"template":"","meta":[],"product_cat":[17],"product_tag":[],"class_list":["post-14773","product","type-product","status-publish","has-post-thumbnail","hentry","product_cat-otologia","pa_modalidad-adjuntos-150-e","pa_modalidad-residentes-50-e"],"_links":{"self":[{"href":"https:\/\/ifmec.com\/en\/wp-json\/wp\/v2\/product\/14773","targetHints":{"allow":["GET"]}}],"collection":[{"href":"https:\/\/ifmec.com\/en\/wp-json\/wp\/v2\/product"}],"about":[{"href":"https:\/\/ifmec.com\/en\/wp-json\/wp\/v2\/types\/product"}],"wp:featuredmedia":[{"embeddable":true,"href":"https:\/\/ifmec.com\/en\/wp-json\/wp\/v2\/media\/14804"}],"wp:attachment":[{"href":"https:\/\/ifmec.com\/en\/wp-json\/wp\/v2\/media?parent=14773"}],"wp:term":[{"taxonomy":"product_cat","embeddable":true,"href":"https:\/\/ifmec.com\/en\/wp-json\/wp\/v2\/product_cat?post=14773"},{"taxonomy":"product_tag","embeddable":true,"href":"https:\/\/ifmec.com\/en\/wp-json\/wp\/v2\/product_tag?post=14773"}],"curies":[{"name":"wp","href":"https:\/\/api.w.org\/{rel}","templated":true}]}}