{"id":14491,"date":"2026-03-23T15:58:02","date_gmt":"2026-03-23T14:58:02","guid":{"rendered":"https:\/\/ifmec.com\/?post_type=product&#038;p=14491"},"modified":"2026-05-07T16:26:55","modified_gmt":"2026-05-07T14:26:55","slug":"curso-de-cirugia-endoscopica-de-oido-30-de-septiembre-al-2-de-octubre-de-2026curso-basico-de-diseccion-de-hueso-temporal-30-de-septiembre-al-2-de-octubre-de-2026","status":"publish","type":"product","link":"https:\/\/ifmec.com\/en\/producto\/curso-de-cirugia-endoscopica-de-oido-30-de-septiembre-al-2-de-octubre-de-2026curso-basico-de-diseccion-de-hueso-temporal-30-de-septiembre-al-2-de-octubre-de-2026\/","title":{"rendered":"Curso de Cirug\u00eda Endosc\u00f3pica de O\u00eddo. 30 de septiembre al 2 de octubre de 2026"},"content":{"rendered":"<p><a class=\"btn btn-info\"<a href=\"https:\/\/ifmec.com\/wp-content\/uploads\/2026\/03\/Captura-de-pantalla-2026-05-07-a-las-16.23.34.png\">PROGRAMA<\/a><\/p>\n<p>Curso orientado a descubrir la Cirug\u00eda Endosc\u00f3pica de o\u00eddo y a confrontarla con la cirug\u00eda microsc\u00f3pica con la intenci\u00f3n de combinar ambas en beneficio de una t\u00e9cnica quir\u00fargica m\u00e1s depurada. Orientado a residentes en formaci\u00f3n con inter\u00e9s por la cirug\u00eda otol\u00f3gica y como formaci\u00f3n continuada de especialistas.<\/p>\n<p><strong>FECHAS:<\/strong><\/p>\n<h5><strong> 30 de septiembre al 2 de octubre de 2026<\/strong><\/h5>\n<h3>DIRECTORES<\/h3>\n<p>Directores del Curso:<\/p>\n<ul>\n<li>Dr. Miguel Ar\u00edstegui<\/li>\n<li>Dr. Jos\u00e9 Carlos Casqueiro<\/li>\n<\/ul>\n<p><strong>PRECIO:<\/strong><\/p>\n<p>TEORICO\/PRACTICO RESIDENTES: 2000 \u20ac<\/p>\n<p><strong>SEDE:<\/strong><\/p>\n<p><a href=\"https:\/\/www.google.com\/maps\/place\/Facultad+de+Medicina+UAM\/@40.4814393,-3.6930016,17z\/data=!3m1!4b1!4m5!3m4!1s0xd41858cad469ca5:0x9d8ec7a9c808c531!8m2!3d40.4814393!4d-3.6908076\">Departamento de Anatom\u00eda. Facultad de Medicina. Universidad Aut\u00f3noma de Madrid<\/a> .Calle Arturo Duperier s\/n, 28029 Madrid<\/p>\n<p><strong>PAGO:<\/strong> Rellenar los datos que aparecen en el bolet\u00edn de inscripci\u00f3n<a href=\"https:\/\/ifmec.com\/wp-content\/uploads\/2023\/08\/Boleti\u0301n-Curso-BA\u0301SICO-19-20-de-junio-de-2025.doc\">\u00a0<\/a><strong><a href=\"https:\/\/ifmec.com\/wp-content\/uploads\/2026\/03\/General-Curso_Cirugia_Endoscopica-1.pdf\">pinchando este enlace<\/a>\u00a0<\/strong> y realizar transferencia bancaria a nuestra cuenta enviando el resguardo de la transferencia y el bolet\u00edn por email a <strong>cursosoidomedio@gmail.com<\/strong>, con sus datos personales incluidos y la referencia del curso seleccionado.<\/p>\n<ul>\n<li>Banco Sabadell FUNDACION DR. ARISTEGUI<br \/>\nIBAN ES46 0081 7307 0500 0111 4422 (indicando nombre y apellidos)<\/li>\n<\/ul>\n<p class=\"p1\"><span style=\"color: #0000ff;\">POL\u00cdTICA DE CANCELACI\u00d3N DE RESERV<\/span>A<\/p>\n<p class=\"p1\">En el caso de cancelaci\u00f3n de una reserva, las tasas de devoluci\u00f3n son las siguientes:<\/p>\n<p class=\"p1\">&#8211; Cancelaciones 30 d\u00edas naturales previos al curso se reembolsar\u00e1 el 100% de importe de inscripci\u00f3n, excepto los gastos de gesti\u00f3n que pudiera ocasionar.<\/p>\n<p class=\"p1\">&#8211; Cancelaciones entre 30 y 10 d\u00edas naturales previos al curso se reembolsar\u00e1 el 50% del importe de inscripci\u00f3n, excepto los gastos de gesti\u00f3n que pudiera ocasionar.<\/p>\n<p class=\"p1\">&#8211; Cancelaciones con menos de 10 d\u00edas naturales de anticipaci\u00f3n no dar\u00e1 derecho a devoluci\u00f3n alguna.<\/p>\n","protected":false},"excerpt":{"rendered":"","protected":false},"featured_media":14495,"template":"","meta":[],"product_cat":[368],"product_tag":[],"class_list":["post-14491","product","type-product","status-publish","has-post-thumbnail","hentry","product_cat-cursos-dr-aristegui","pa_modalidad-1-000-e"],"_links":{"self":[{"href":"https:\/\/ifmec.com\/en\/wp-json\/wp\/v2\/product\/14491","targetHints":{"allow":["GET"]}}],"collection":[{"href":"https:\/\/ifmec.com\/en\/wp-json\/wp\/v2\/product"}],"about":[{"href":"https:\/\/ifmec.com\/en\/wp-json\/wp\/v2\/types\/product"}],"wp:featuredmedia":[{"embeddable":true,"href":"https:\/\/ifmec.com\/en\/wp-json\/wp\/v2\/media\/14495"}],"wp:attachment":[{"href":"https:\/\/ifmec.com\/en\/wp-json\/wp\/v2\/media?parent=14491"}],"wp:term":[{"taxonomy":"product_cat","embeddable":true,"href":"https:\/\/ifmec.com\/en\/wp-json\/wp\/v2\/product_cat?post=14491"},{"taxonomy":"product_tag","embeddable":true,"href":"https:\/\/ifmec.com\/en\/wp-json\/wp\/v2\/product_tag?post=14491"}],"curies":[{"name":"wp","href":"https:\/\/api.w.org\/{rel}","templated":true}]}}