{"id":14317,"date":"2026-02-17T09:44:39","date_gmt":"2026-02-17T08:44:39","guid":{"rendered":"https:\/\/ifmec.com\/?post_type=product&#038;p=14317"},"modified":"2026-04-13T14:07:12","modified_gmt":"2026-04-13T12:07:12","slug":"i-curso-de-laringologia-360o-8-y-9-de-junio-de-2026","status":"publish","type":"product","link":"https:\/\/ifmec.com\/en\/producto\/i-curso-de-laringologia-360o-8-y-9-de-junio-de-2026\/","title":{"rendered":"I Curso de Laringolog\u00eda 360\u00ba. 8 y 9 de junio de 2026"},"content":{"rendered":"<p><a class=\"btn btn-info\" href=\"https:\/\/ifmec.com\/wp-content\/uploads\/2026\/02\/Curso-de-Laringologia-360o-10.pdf\">PROGRAMA<\/a><\/p>\n<p class=\"cvGsUA direction-ltr align-justify para-style-body\"><span class=\"a_GcMg font-feature-liga-off font-feature-clig-off font-feature-calt-off text-decoration-none text-strikethrough-none\">En este curso (Formato te\u00f3rico &#8211;<b data-path-to-node=\"2,0\" data-index-in-node=\"32\">tambi\u00e9n para logopedas-<\/b>y formato te\u00f3rico-pr\u00e1ctico) realizaremos un <\/span><span class=\"a_GcMg font-feature-liga-off font-feature-clig-off font-feature-calt-off text-decoration-none text-strikethrough-none\">recorrido actualizado por la patolog\u00eda lar\u00edngea con un enfoque funcional e <\/span><span class=\"a_GcMg font-feature-liga-off font-feature-clig-off font-feature-calt-off text-decoration-none text-strikethrough-none\">integrado. Aprender\u00e1s las t\u00e9cnicas m\u00e1s novedosas,<\/span> <span class=\"a_GcMg font-feature-liga-off font-feature-clig-off font-feature-calt-off text-decoration-none text-strikethrough-none\">desde intervenciones <\/span><span class=\"a_GcMg font-feature-liga-off font-feature-clig-off font-feature-calt-off text-decoration-none text-strikethrough-none\">m\u00ednimamente invasivas en consulta con l\u00e1ser azul, hasta cirug\u00eda avanzada en quir\u00f3fano con coblacion lar\u00edngea unificando el diagn\u00f3stico y tratamiento de la voz y la degluci\u00f3n.<\/span><\/p>\n<p class=\"cvGsUA direction-ltr align-justify para-style-body\"><span class=\"a_GcMg font-feature-liga-off font-feature-clig-off font-feature-calt-off text-decoration-none text-strikethrough-none\">Podremos hacer simulaciones de medilizacion de la cuerda vocal con pr\u00f3tesis de montgomery y vois implant, adem\u00e1s de poder adquirir conocimientos de ecografia cervical y lar\u00edngea.<\/span><\/p>\n<h2 class=\"wp-block-heading\"><strong>Objetivos<\/strong><\/h2>\n<ul class=\"wp-block-list\">\n<li>Actualizar los\u00a0<strong>m\u00e9todos diagn\u00f3sticos funcionales<\/strong>\u00a0de la laringe, incluyendo t\u00e9cnicas endosc\u00f3picas avanzadas y herramientas de evaluaci\u00f3n din\u00e1mica.<\/li>\n<li>Describir las\u00a0<strong>intervenciones lar\u00edngeas realizadas en consulta<\/strong>, como infiltraciones, procedimientos de medializaci\u00f3n, t\u00e9cnicas de aumento y tratamientos m\u00ednimamente invasivos orientados a voz y disfagia.<\/li>\n<li>Analizar las\u00a0<strong>t\u00e9cnicas quir\u00fargicas m\u00e1s actuales en quir\u00f3fano<\/strong>\u00a0para el tratamiento de la patolog\u00eda lar\u00edngea funcional, estructural y neurol\u00f3gica.<\/li>\n<li>Integrar la\u00a0<strong>indicaci\u00f3n de cada t\u00e9cnica<\/strong>\u00a0seg\u00fan el perfil del paciente, la patolog\u00eda subyacente y la repercusi\u00f3n funcional en voz y degluci\u00f3n.<\/li>\n<li>Fomentar una visi\u00f3n\u00a0<strong>multidisciplinar y funcional<\/strong>, orientada a optimizar los resultados cl\u00ednicos y la calidad de vida del paciente.<\/li>\n<\/ul>\n<h2 class=\"wp-block-heading\"><strong>Matr\u00edcula e inscripci\u00f3n:<\/strong><\/h2>\n<ul>\n<li><span class=\"a_GcMg font-feature-liga-off font-feature-clig-off font-feature-calt-off text-decoration-none text-strikethrough-none\">Dirigido a: M\u00e9dicos especialistas en ORL y m\u00e9dicos residentes.<\/span><\/li>\n<li><span class=\"a_GcMg font-feature-liga-off font-feature-clig-off font-feature-calt-off text-decoration-none text-strikethrough-none\">Matr\u00edcula:<\/span>\n<ul>\n<li><span class=\"a_GcMg font-feature-liga-off font-feature-clig-off font-feature-calt-off text-decoration-none text-strikethrough-none\">Parte Te\u00f3rica: 350 \u20ac<\/span><\/li>\n<li><span class=\"a_GcMg font-feature-liga-off font-feature-clig-off font-feature-calt-off text-decoration-none text-strikethrough-none\">Parte Pr\u00e1ctica. Curso completo: 700 \u20ac<\/span><\/li>\n<\/ul>\n<\/li>\n<\/ul>\n<h2 class=\"cvGsUA direction-ltr align-justify para-style-body\"><strong>Fechas:<\/strong><\/h2>\n<p class=\"cvGsUA direction-ltr align-justify para-style-body\">8 y 9 de junio de 2026<\/p>\n<h2 class=\"cvGsUA direction-ltr align-justify para-style-body\"><strong>Localizaci\u00f3n<\/strong>:<\/h2>\n<p class=\"cvGsUA direction-ltr align-start para-style-body\"><strong><span class=\"a_GcMg font-feature-liga-off font-feature-clig-off font-feature-calt-off text-decoration-none text-strikethrough-none\">Lunes, 8 de junio<\/span><\/strong><\/p>\n<ul>\n<li><span class=\"a_GcMg font-feature-liga-off font-feature-clig-off font-feature-calt-off text-decoration-none text-strikethrough-none\">Ma\u00f1ana (Parte Pr\u00e1ctica):<\/span>\n<ul>\n<li><span class=\"a_GcMg font-feature-liga-off font-feature-clig-off font-feature-calt-off text-decoration-none text-strikethrough-none\">Sede: Universidad Francisco de Vitoria.<\/span><\/li>\n<\/ul>\n<\/li>\n<li><span class=\"a_GcMg font-feature-liga-off font-feature-clig-off font-feature-calt-off text-decoration-none text-strikethrough-none\">Tarde (Parte Te\u00f3rica):<\/span>\n<ul>\n<li><span class=\"a_GcMg font-feature-liga-off font-feature-clig-off font-feature-calt-off text-decoration-none text-strikethrough-none\">Sede: Sal\u00f3n de Actos &#8211; Hospital Universitario de Torrej\u00f3n.<\/span><\/li>\n<\/ul>\n<\/li>\n<\/ul>\n<p class=\"cvGsUA direction-ltr align-start para-style-body\"><strong><span class=\"a_GcMg font-feature-liga-off font-feature-clig-off font-feature-calt-off text-decoration-none text-strikethrough-none\">Martes, 9 de junio<\/span><\/strong><\/p>\n<ul>\n<li><span class=\"a_GcMg font-feature-liga-off font-feature-clig-off font-feature-calt-off text-decoration-none text-strikethrough-none\">Jornada Completa (Parte Te\u00f3rica):<\/span>\n<ul>\n<li><span class=\"a_GcMg font-feature-liga-off font-feature-clig-off font-feature-calt-off text-decoration-none text-strikethrough-none\">Sede: Sal\u00f3n de Actos &#8211; Hospital Universitario de Torrej\u00f3n.<\/span><\/li>\n<\/ul>\n<\/li>\n<\/ul>\n<p>&nbsp;<\/p>\n<p class=\"p1\"><span style=\"color: #0000ff;\">POL\u00cdTICA DE CANCELACI\u00d3N DE RESERV<\/span>A<\/p>\n<p class=\"p1\">En el caso de cancelaci\u00f3n de una reserva, las tasas de devoluci\u00f3n son las siguientes:<\/p>\n<p class=\"p1\">&#8211; Cancelaciones 30 d\u00edas naturales previos al curso se reembolsar\u00e1 el 100% de importe de inscripci\u00f3n, excepto los gastos de gesti\u00f3n que pudiera ocasionar.<\/p>\n<p class=\"p1\">&#8211; Cancelaciones entre 30 y 10 d\u00edas naturales previos al curso se reembolsar\u00e1 el 50% del importe de inscripci\u00f3n, excepto los gastos de gesti\u00f3n que pudiera ocasionar.<\/p>\n<p class=\"p1\">&#8211; Cancelaciones con menos de 10 d\u00edas naturales de anticipaci\u00f3n no dar\u00e1 derecho a devoluci\u00f3n alguna.<\/p>\n","protected":false},"excerpt":{"rendered":"<p>PROGRAMA En este curso (Formato te\u00f3rico &#8211;tambi\u00e9n para logopedas-y formato te\u00f3rico-pr\u00e1ctico) realizaremos un recorrido actualizado [&hellip;]<\/p>\n","protected":false},"featured_media":14326,"template":"","meta":[],"product_cat":[16],"product_tag":[],"class_list":["post-14317","product","type-product","status-publish","has-post-thumbnail","hentry","product_cat-laringologia","pa_modalidad-350-e-parte-teorica","pa_modalidad-700-e-curso-completo"],"_links":{"self":[{"href":"https:\/\/ifmec.com\/en\/wp-json\/wp\/v2\/product\/14317","targetHints":{"allow":["GET"]}}],"collection":[{"href":"https:\/\/ifmec.com\/en\/wp-json\/wp\/v2\/product"}],"about":[{"href":"https:\/\/ifmec.com\/en\/wp-json\/wp\/v2\/types\/product"}],"wp:featuredmedia":[{"embeddable":true,"href":"https:\/\/ifmec.com\/en\/wp-json\/wp\/v2\/media\/14326"}],"wp:attachment":[{"href":"https:\/\/ifmec.com\/en\/wp-json\/wp\/v2\/media?parent=14317"}],"wp:term":[{"taxonomy":"product_cat","embeddable":true,"href":"https:\/\/ifmec.com\/en\/wp-json\/wp\/v2\/product_cat?post=14317"},{"taxonomy":"product_tag","embeddable":true,"href":"https:\/\/ifmec.com\/en\/wp-json\/wp\/v2\/product_tag?post=14317"}],"curies":[{"name":"wp","href":"https:\/\/api.w.org\/{rel}","templated":true}]}}