{"id":14299,"date":"2026-02-16T12:14:42","date_gmt":"2026-02-16T11:14:42","guid":{"rendered":"https:\/\/ifmec.com\/?post_type=product&#038;p=14299"},"modified":"2026-04-13T14:07:36","modified_gmt":"2026-04-13T12:07:36","slug":"viii-curso-de-cirugia-de-paralisis-facial-madrid-25-26-y-27-noviembre-2026","status":"publish","type":"product","link":"https:\/\/ifmec.com\/en\/producto\/viii-curso-de-cirugia-de-paralisis-facial-madrid-25-26-y-27-noviembre-2026\/","title":{"rendered":"VIII CURSO DE CIRUG\u00cdA DE PAR\u00c1LISIS FACIAL. MADRID, 25, 26 Y 27 NOVIEMBRE 2026"},"content":{"rendered":"<p><a class=\"btn btn-info\" href=\"https:\/\/ifmec.com\/wp-content\/uploads\/2026\/02\/Paralisis-facial-2026-4-1.pdf\">PROGRAMA<\/a><\/p>\n<p>&nbsp;<\/p>\n<h3><strong>DIRECTORES DEL CURSO<\/strong><\/h3>\n<p>Dr. Carlos Mart\u00edn Oviedo ORL,HGUGM, Dr. Jos\u00e9 M. Lasso, Cir. Pl\u00e1stica, HGUGM, Dra. Concha Nu\u00f1ez Medico Rehabilitador HGUGM.<\/p>\n<h3><strong>OBJETIVOS DEL CURSO<\/strong><\/h3>\n<div class=\"\" data-block=\"true\" data-editor=\"1rfur\" data-offset-key=\"1ptbv-0-0\">\n<div class=\"_1mf _1mj\" data-offset-key=\"1ptbv-0-0\">\n<p class=\"cvGsUA direction-ltr align-justify para-style-body\"><span class=\"a_GcMg font-feature-liga-off font-feature-clig-off font-feature-calt-off text-decoration-none text-strikethrough-none\">En la 8\u00aa edici\u00f3n del curso de cirug\u00eda de la par\u00e1lisis facial, hemos intentado traer los temas de \u00faltima actualidad con charlas y casos cl\u00ednicos eminentemente pr\u00e1cticos<\/span><\/p>\n<p class=\"cvGsUA direction-ltr align-justify para-style-body\"><span class=\"a_GcMg font-feature-liga-off font-feature-clig-off font-feature-calt-off text-decoration-none text-strikethrough-none\">Como siempre el curso contar\u00e1 con la exposici\u00f3n de las <\/span><span class=\"a_GcMg font-feature-liga-off font-feature-clig-off font-feature-calt-off text-decoration-none text-strikethrough-none\">distintas t\u00e9cnicas quir\u00fargicas paso a paso, conferencias <\/span><span class=\"a_GcMg font-feature-liga-off font-feature-clig-off font-feature-calt-off text-decoration-none text-strikethrough-none\">y mesas redondas sobre sus indicaciones y exposici\u00f3n <\/span><span class=\"a_GcMg font-feature-liga-off font-feature-clig-off font-feature-calt-off text-decoration-none text-strikethrough-none\">de los detalles y beneficios de una rehabilitaci\u00f3n <\/span><span class=\"a_GcMg font-feature-liga-off font-feature-clig-off font-feature-calt-off text-decoration-none text-strikethrough-none\">personalizada de estos pacientes<\/span><\/p>\n<\/div>\n<\/div>\n<h3><strong>FECHAS<\/strong><\/h3>\n<p>25, 26 y 27 NOVIEMBRE 2026<\/p>\n<h3><strong>CREDITOS<\/strong><\/h3>\n<p>En proceso de acreditaci\u00f3n por la Comisi\u00f3n de Formaci\u00f3n Continuada de las Profesiones Sanitarias de la Comunidad de Madrid (Consejer\u00eda de Sanidad, Direcci\u00f3n General de Investigaci\u00f3n, Formaci\u00f3n e Infraestructuras Sanitarias).<\/p>\n<h3><strong>INSCRIPCIONES<\/strong><\/h3>\n<p><strong>CIRUG\u00cdA+CONFERENCIAS<\/strong><\/p>\n<p>Especialistas\u00a0 500\u20ac<\/p>\n<p>Residentes\u00a0 \u00a0 \u00a0450\u20ac<\/p>\n<p><strong>BLOQUE REHABILITACION<\/strong><\/p>\n<p>Especialistas\u00a0\u00a0\u00a0 100\u20ac<\/p>\n<p>Residentes\u00a0 \u00a0 \u00a0 \u00a0 \u00a050\u20ac<\/p>\n<p><strong>CIRUG\u00cdA+CONFERENCIAS+ TALLER PRACTICO\u00a0(20 Plazas)<\/strong><\/p>\n<p>Especialistas\u00a0 \u00a0\u00a0\u00a01200\u20ac<\/p>\n<p>Residentes\u00a0 \u00a0 \u00a0 \u00a0 1000\u20ac<\/p>\n<p>La inscripci\u00f3n incluye la asistencia, caf\u00e9s, comidas de trabajo , manual de t\u00e9cnicas quir\u00fargicas en par\u00e1lisis facial y certificado. Y en la parte pr\u00e1ctica el material de microcirug\u00eda y gafas lupa.<\/p>\n<h3><strong>SEDE<\/strong><\/h3>\n<p><a href=\"https:\/\/goo.gl\/maps\/DHPKVAcyvJcr6Xie6\" target=\"_blank\" rel=\"noopener noreferrer\">Auditorio del Hospital General Universitario Gregorio Mara\u00f1on<\/a> y <a href=\"https:\/\/www.google.com\/maps\/place\/Hospital+General+Universitario+Gregorio+Mara%C3%B1%C3%B3n\/@40.4191053,-3.6725753,17z\/data=!3m1!4b1!4m5!3m4!1s0xd4228aed26288b7:0xf3d3fe114341e1fd!8m2!3d40.4191053!4d-3.6703866\">Facultad de Medicina Universidad Complutense de Madrid<\/a>.<\/p>\n<p>&nbsp;<\/p>\n<p class=\"p1\"><span style=\"color: #0000ff;\">POL\u00cdTICA DE CANCELACI\u00d3N DE RESERV<\/span>A<\/p>\n<p class=\"p1\">En el caso de cancelaci\u00f3n de una reserva, las tasas de devoluci\u00f3n son las siguientes:<\/p>\n<p class=\"p1\">&#8211; Cancelaciones 30 d\u00edas naturales previos al curso se reembolsar\u00e1 el 100% de importe de inscripci\u00f3n, excepto los gastos de gesti\u00f3n que pudiera ocasionar.<\/p>\n<p class=\"p1\">&#8211; Cancelaciones entre 30 y 10 d\u00edas naturales previos al curso se reembolsar\u00e1 el 50% del importe de inscripci\u00f3n, excepto los gastos de gesti\u00f3n que pudiera ocasionar.<\/p>\n<p class=\"p1\">&#8211; Cancelaciones con menos de 10 d\u00edas naturales de anticipaci\u00f3n no dar\u00e1 derecho a devoluci\u00f3n alguna.<\/p>\n<p>&nbsp;<\/p>\n","protected":false},"excerpt":{"rendered":"<p><span data-offset-key=\"1ptbv-0-0\">Con el mismo objetivo de otros a\u00f1os \u201cCompartir y ense\u00f1ar las distintas t\u00e9cnicas quir\u00fargicas en par\u00e1lisis facial\u201c y con el orgullo de ver los progresos que <\/span>compa\u00f1eros de cursos previos han hecho, arrancamos una nueva edici\u00f3n del curso de cirug\u00eda de la par\u00e1lisis facial.<\/p>\n","protected":false},"featured_media":14313,"template":"","meta":[],"product_cat":[17],"product_tag":[],"class_list":["post-14299","product","type-product","status-publish","has-post-thumbnail","hentry","product_cat-otologia","pa_modalidad-bloque-rehabilitacion-especialistas","pa_modalidad-bloque-rehabilitacion-residentes","pa_modalidad-cirugconfer-taller-practico-especialistas","pa_modalidad-cirugconfer-taller-practico-residentes","pa_modalidad-cirugiaconferencias-especialistas","pa_modalidad-cirugiaconferencias-especialistas-500e","pa_modalidad-cirugiaconferencias-residentes","pa_modalidad-cirugiaconferencias-residentes-450e","pa_modalidad-cirugiaconferencias-taller-practico-especialistas-1200e","pa_modalidad-cirugiaconferencias-taller-practico-residentes-1000e"],"_links":{"self":[{"href":"https:\/\/ifmec.com\/en\/wp-json\/wp\/v2\/product\/14299","targetHints":{"allow":["GET"]}}],"collection":[{"href":"https:\/\/ifmec.com\/en\/wp-json\/wp\/v2\/product"}],"about":[{"href":"https:\/\/ifmec.com\/en\/wp-json\/wp\/v2\/types\/product"}],"wp:featuredmedia":[{"embeddable":true,"href":"https:\/\/ifmec.com\/en\/wp-json\/wp\/v2\/media\/14313"}],"wp:attachment":[{"href":"https:\/\/ifmec.com\/en\/wp-json\/wp\/v2\/media?parent=14299"}],"wp:term":[{"taxonomy":"product_cat","embeddable":true,"href":"https:\/\/ifmec.com\/en\/wp-json\/wp\/v2\/product_cat?post=14299"},{"taxonomy":"product_tag","embeddable":true,"href":"https:\/\/ifmec.com\/en\/wp-json\/wp\/v2\/product_tag?post=14299"}],"curies":[{"name":"wp","href":"https:\/\/api.w.org\/{rel}","templated":true}]}}