{"id":13990,"date":"2025-11-28T10:40:21","date_gmt":"2025-11-28T09:40:21","guid":{"rendered":"https:\/\/ifmec.com\/?post_type=product&#038;p=13990"},"modified":"2026-04-13T14:08:10","modified_gmt":"2026-04-13T12:08:10","slug":"vi-curso-de-patologia-tubarica-15-mayo-de-2026","status":"publish","type":"product","link":"https:\/\/ifmec.com\/en\/producto\/vi-curso-de-patologia-tubarica-15-mayo-de-2026\/","title":{"rendered":"VI  Curso de Patolog\u00eda Tub\u00e1rica. 15 Mayo de 2026"},"content":{"rendered":"<p><a class=\"btn btn-info\" href=\"https:\/\/ifmec.com\/wp-content\/uploads\/2025\/11\/V08-SIN-LOGOS-Programa-curso-Tuba-2026-05-15-SanSebastian.pdf\">PROGRAMA<\/a><\/p>\n<p>El presente curso\u00a0est\u00e1 dirigido a actualizar los conocimientos y habilidades b\u00e1sicas que se precisan en las modernas t\u00e9cnicas diagn\u00f3sticas y quir\u00fargicas de la <b>patolog\u00eda de la trompa de Eustaquio, tanto obstructiva como <\/b><b>patulosa<\/b>.<\/p>\n<p>Despu\u00e9s de 5 ediciones del curso realizadas en el Hospital Universitario de Fuenlabrada, vamos a celebrar el curso en San Sebasti\u00e1n (Donostia) de la mano del Dr. Juanjo Navarro.<\/p>\n<p>Contamos como invitado internacional con el <b>Prof. Eduardo Corrales<\/b>, experto en patolog\u00eda tub\u00e1rica de la Universidad de Harvard, que impartir\u00e1 sus conferencias en espa\u00f1ol.<\/p>\n<p>&nbsp;<\/p>\n<h3>DIRECTORES<\/h3>\n<p><b>Prof. Guillermo Plaza<\/b>. Jefe de Servicio de Otorrinolaringolog\u00eda. Hospital Univ. de Fuenlabrada y Hospital Univ. Sanitas La Zarzuela. Madrid, Espa\u00f1a. Profesor Titular de Otorrinolaringolog\u00eda de la Universidad Rey Juan Carlos.<\/p>\n<p><b>Dr. Juan Jos\u00e9 Navarro. <\/b><\/p>\n<p>Especialista en ORL. Centro M\u00e9dico Quir\u00fargico Zurriola. Hospital Donostia. San Sebasti\u00e1n.<\/p>\n<h3>INVITADO INTERNACIONAL<\/h3>\n<h3><b style=\"font-size: 16px;\">Eduardo Corrales, MD<\/b><\/h3>\n<p>Jefe de Secci\u00f3n de Otolog\u00eda, Neurotolog\u00eda y Cirug\u00eda de Base de Cr\u00e1neo. Departamento de Otorrinolaringolog\u00eda y Cirug\u00eda de Cabeza y Cuello. <i>Assistant<\/i> <i>Professor<\/i><i>, Harvard Medical <\/i><i>School<\/i>.<\/p>\n<h3>PONENTES NACIONALES<\/h3>\n<p><b>Dra. Marta Sandoval<\/b>. Adjunta del Servicio de Otorrinolaringolog\u00eda. Hospital Clinic. Barcelona, Espa\u00f1a.<\/p>\n<p><b>Dr. Francisco Javier Lage<\/b>. Adjunto del Servicio de Otorrinolaringolog\u00eda. Hospital HM Rosaleda. Santiago de Compostela, Espa\u00f1a.<\/p>\n<p><b>Eduard Izquierdo y Bienvenido Garrido. E<\/b>specialistas de producto ORL de SALESA M\u00e9dica<\/p>\n<h3>FECHAS<\/h3>\n<p>15 Mayo de 2026<\/p>\n<h3>INSCRIPCIONES<\/h3>\n<ul>\n<li>Precio<b> 200\u20ac<\/b><\/li>\n<li>Cuenta BBVA 0182 2082 17 0201553336<\/li>\n<li>O a trav\u00e9s de esta plataforma.<\/li>\n<\/ul>\n<p>Contacto: <a href=\"mailto:secretaria@ifmec.com\">secretaria@ifmec.com<\/a><\/p>\n<p><a href=\"http:\/\/www.ifmec.com\/\">www.ifmec.com<\/a><\/p>\n<h3>SEDE<\/h3>\n<p>San Sebasti\u00e1n. Hotel NH Collection Aranzazu. <span class=\"w8qArf FoJoyf\">\u00a0<\/span><\/p>\n<div class=\"M2Cv8e hP3ybd\">\n<div class=\"gqkR3b hP3ybd\"><a tabindex=\"0\" href=\"https:\/\/www.google.com\/maps\/place\/\/data=!4m2!3m1!1s0xd51baa019fece7d:0x377aca5ecff6cee5?sa=X&amp;ved=1t:8290&amp;ictx=111\" data-url=\"\/maps\/place\/\/data=!4m2!3m1!1s0xd51baa019fece7d:0x377aca5ecff6cee5?sa=X&amp;ved=2ahUKEwiO67KMxpSRAxVmTKQEHT_7EvEQ4kB6BAgHEAA\">Vitoria-Gasteiz Kalea, 1, 20018 Donostia \/ San Sebasti\u00e1n, Gipuzkoa<\/a><\/div>\n<\/div>\n<div><\/div>\n<div>\n<p class=\"p1\"><span style=\"color: #0000ff;\">POL\u00cdTICA DE CANCELACI\u00d3N DE RESERV<\/span>A<\/p>\n<p class=\"p1\">En el caso de cancelaci\u00f3n de una reserva, las tasas de devoluci\u00f3n son las siguientes:<\/p>\n<p class=\"p1\">&#8211; Cancelaciones 30 d\u00edas naturales previos al curso se reembolsar\u00e1 el 100% de importe de inscripci\u00f3n, excepto los gastos de gesti\u00f3n que pudiera ocasionar.<\/p>\n<p class=\"p1\">&#8211; Cancelaciones entre 30 y 10 d\u00edas naturales previos al curso se reembolsar\u00e1 el 50% del importe de inscripci\u00f3n, excepto los gastos de gesti\u00f3n que pudiera ocasionar.<\/p>\n<p class=\"p1\">&#8211; Cancelaciones con menos de 10 d\u00edas naturales de anticipaci\u00f3n no dar\u00e1 derecho a devoluci\u00f3n alguna.<\/p>\n<\/div>\n","protected":false},"excerpt":{"rendered":"<p><a href=\"https:\/\/ifmec.com\/wp-content\/uploads\/2025\/11\/SIN-LOGOS-Programa-curso-Tuba-2026-05-15-SanSebastian-V05.pdf\">PROGRAMA<\/a><\/p>\n","protected":false},"featured_media":14028,"template":"","meta":[],"product_cat":[17],"product_tag":[],"class_list":["post-13990","product","type-product","status-publish","has-post-thumbnail","hentry","product_cat-otologia","pa_modalidad-precio-curso-200e"],"_links":{"self":[{"href":"https:\/\/ifmec.com\/en\/wp-json\/wp\/v2\/product\/13990","targetHints":{"allow":["GET"]}}],"collection":[{"href":"https:\/\/ifmec.com\/en\/wp-json\/wp\/v2\/product"}],"about":[{"href":"https:\/\/ifmec.com\/en\/wp-json\/wp\/v2\/types\/product"}],"wp:featuredmedia":[{"embeddable":true,"href":"https:\/\/ifmec.com\/en\/wp-json\/wp\/v2\/media\/14028"}],"wp:attachment":[{"href":"https:\/\/ifmec.com\/en\/wp-json\/wp\/v2\/media?parent=13990"}],"wp:term":[{"taxonomy":"product_cat","embeddable":true,"href":"https:\/\/ifmec.com\/en\/wp-json\/wp\/v2\/product_cat?post=13990"},{"taxonomy":"product_tag","embeddable":true,"href":"https:\/\/ifmec.com\/en\/wp-json\/wp\/v2\/product_tag?post=13990"}],"curies":[{"name":"wp","href":"https:\/\/api.w.org\/{rel}","templated":true}]}}