{"id":13930,"date":"2025-11-20T15:56:59","date_gmt":"2025-11-20T14:56:59","guid":{"rendered":"https:\/\/ifmec.com\/?post_type=product&#038;p=13930"},"modified":"2026-03-05T09:03:25","modified_gmt":"2026-03-05T08:03:25","slug":"18-congreso-asociacion-madrilena-de-otorrinolaringologia-11-12-junio-2026","status":"publish","type":"product","link":"https:\/\/ifmec.com\/en\/producto\/18-congreso-asociacion-madrilena-de-otorrinolaringologia-11-12-junio-2026\/","title":{"rendered":"18 Congreso  Asociaci\u00f3n Madrile\u00f1a de Otorrinolaringolog\u00eda. 11-12 JUNIO 2026"},"content":{"rendered":"<p><a class=\"btn btn-info\" href=\"https:\/\/ifmec.com\/wp-content\/uploads\/2025\/11\/18-Congreso-AMORL-13.pdf\">PREPROGRAMA CURSO<\/a><\/p>\n<p data-start=\"289\" data-end=\"323\">Estimados compa\u00f1eros y compa\u00f1eras:<\/p>\n<p data-start=\"325\" data-end=\"552\">Nos complace comunicar la celebraci\u00f3n del <strong data-start=\"367\" data-end=\"443\">18\u00ba Congreso de la Asociaci\u00f3n Madrile\u00f1a de Otorrinolaringolog\u00eda (AMORL)<\/strong>, que tendr\u00e1 lugar los pr\u00f3ximos <strong data-start=\"475\" data-end=\"503\">11 y 12 de junio de 2026<\/strong> en el <strong data-start=\"510\" data-end=\"551\">Hospital Universitario Infanta Leonor<\/strong>.<\/p>\n<p data-start=\"554\" data-end=\"959\">Este a\u00f1o, tanto el Comit\u00e9 Organizador como el Comit\u00e9 Cient\u00edfico est\u00e1n desarrollando un programa que pretende ofrecer una mirada actualizada y din\u00e1mica sobre los temas clave de nuestra especialidad. Nuestro prop\u00f3sito es crear un encuentro que fomente la participaci\u00f3n activa, el an\u00e1lisis cr\u00edtico y el intercambio de experiencias entre los profesionales de la otorrinolaringolog\u00eda de la Comunidad de Madrid.<\/p>\n<p data-start=\"961\" data-end=\"1245\">Al igual que en ediciones previas, se reservar\u00e1 una jornada espec\u00edfica para los <strong data-start=\"1041\" data-end=\"1055\">residentes<\/strong>, en la que se integrar\u00e1n talleres pr\u00e1cticos, exposici\u00f3n de comunicaciones y espacios de discusi\u00f3n dise\u00f1ados para potenciar su formaci\u00f3n y promover su implicaci\u00f3n en la actividad cient\u00edfica.<\/p>\n<p data-start=\"1247\" data-end=\"1469\">Confiamos en que esta edici\u00f3n del Congreso constituya un punto de encuentro inspirador y \u00fatil, donde podamos seguir construyendo comunidad, reforzar v\u00ednculos personales y trabajar juntos en el avance de nuestra disciplina.<\/p>\n<p data-start=\"1471\" data-end=\"1730\">En nombre de la Junta Directiva y de los comit\u00e9s implicados, queremos animaros a participar en el <strong data-start=\"1569\" data-end=\"1598\">18.\u00ba Congreso de la AMORL<\/strong>. Vuestra asistencia y contribuci\u00f3n ser\u00e1n esenciales para mantener el esp\u00edritu de colaboraci\u00f3n que caracteriza a nuestra asociaci\u00f3n.<\/p>\n<p data-start=\"1732\" data-end=\"1758\">Recibid un cordial saludo,<\/p>\n<p data-start=\"1760\" data-end=\"1818\"><strong data-start=\"1760\" data-end=\"1818\">La Junta Directiva y el Comit\u00e9 Organizador de la AMORL<\/strong><\/p>\n<p>&nbsp;<\/p>\n<h3><b>REQUISITOS PARA LA INSCRIPCI\u00d3N:<\/b><\/h3>\n<p><span style=\"font-weight: 400;\">Inscripci\u00f3n <strong>GRATUITA<\/strong> para profesionales sanitarios con \u00e1mbito de l<span class=\"JsGRdQ\">as enfermedades otorrinolaringol\u00f3gicas en la Comunidad de Madrid<\/span><\/span><\/p>\n<p>Para no socios y especialistas fuera de Madrid o Espa\u00f1a: 150 \u20ac<\/p>\n<h3><strong>FECHAS:<\/strong><\/h3>\n<h3>11-12 JUNIO 2026<\/h3>\n<h3><strong>SEDE:<\/strong><\/h3>\n<p class=\"cvGsUA direction-ltr align-center para-style-body\"><span class=\"a_GcMg font-feature-liga-off font-feature-clig-off font-feature-calt-off text-decoration-none text-strikethrough-none\">SEDE<\/span><\/p>\n<p class=\"cvGsUA direction-ltr align-center para-style-body\"><span class=\"a_GcMg font-feature-liga-off font-feature-clig-off font-feature-calt-off text-decoration-none text-strikethrough-none\">Hospital Universitario Infanta Leonor. <\/span><span class=\"a_GcMg font-feature-liga-off font-feature-clig-off font-feature-calt-off text-decoration-none text-strikethrough-none\">Av. Gran V\u00eda del Este, 80.<\/span><span class=\"a_GcMg font-feature-liga-off font-feature-clig-off font-feature-calt-off text-decoration-none text-strikethrough-none\">Villa de Vallecas, 28031. Madrid<\/span><\/p>\n<h3><strong>1<\/strong><strong>8\u00ba CONCURSO DE CASOS CL\u00cdNICOS PARA RESIDENTES\u00a0<\/strong><\/h3>\n<p>Solamente podr\u00e1n participar residentes de Otorrinolaringolog\u00eda cursando su formaci\u00f3n en alg\u00fan hospital de la Comunidad Aut\u00f3noma de Madrid con residencia legal en Espa\u00f1a y en activo antes de la finalizaci\u00f3n del plazo de entrega.<\/p>\n<p>Es imprescindible que los casos cl\u00ednicos hayan sido desarrollados en centros docentes acreditados.<\/p>\n<p>Los autores deben ser socios de la AMORL o haberlo solicitado.<\/p>\n<p>TODA LA INFO AQU\u00cd:\u00a0<a href=\"https:\/\/ifmec.com\/wp-content\/uploads\/2025\/11\/Normas-casos-clinicos-AMORL-CARTA-INVITACION-A-PARTICIPAR_2026.pdf\">BASES PARTICIPACI\u00d3N<\/a><\/p>\n<p>&nbsp;<\/p>\n","protected":false},"excerpt":{"rendered":"<p>PREPROGRAMA CURSO Estimados compa\u00f1eros y compa\u00f1eras: Nos complace comunicar la celebraci\u00f3n del 18\u00ba Congreso de [&hellip;]<\/p>\n","protected":false},"featured_media":13936,"template":"","meta":[],"product_cat":[267,265,340,269,271],"product_tag":[],"class_list":["post-13930","product","type-product","status-publish","has-post-thumbnail","hentry","product_cat-head-and-neck","product_cat-laryngology","product_cat-osas","product_cat-otology","product_cat-rhinology","pa_modalidad-no-socios-y-especialistas-fuera-de-madrid-150-e-en","pa_modalidad-socios-especialistas-madrid-0e-en"],"_links":{"self":[{"href":"https:\/\/ifmec.com\/en\/wp-json\/wp\/v2\/product\/13930","targetHints":{"allow":["GET"]}}],"collection":[{"href":"https:\/\/ifmec.com\/en\/wp-json\/wp\/v2\/product"}],"about":[{"href":"https:\/\/ifmec.com\/en\/wp-json\/wp\/v2\/types\/product"}],"wp:featuredmedia":[{"embeddable":true,"href":"https:\/\/ifmec.com\/en\/wp-json\/wp\/v2\/media\/13936"}],"wp:attachment":[{"href":"https:\/\/ifmec.com\/en\/wp-json\/wp\/v2\/media?parent=13930"}],"wp:term":[{"taxonomy":"product_cat","embeddable":true,"href":"https:\/\/ifmec.com\/en\/wp-json\/wp\/v2\/product_cat?post=13930"},{"taxonomy":"product_tag","embeddable":true,"href":"https:\/\/ifmec.com\/en\/wp-json\/wp\/v2\/product_tag?post=13930"}],"curies":[{"name":"wp","href":"https:\/\/api.w.org\/{rel}","templated":true}]}}