{"id":13915,"date":"2025-11-20T11:52:49","date_gmt":"2025-11-20T10:52:49","guid":{"rendered":"https:\/\/ifmec.com\/?post_type=product&#038;p=13915"},"modified":"2026-05-13T15:46:06","modified_gmt":"2026-05-13T13:46:06","slug":"xxxii-reunion-castellano-manchega-de-dermatologia-12-13-junio-de-2026","status":"publish","type":"product","link":"https:\/\/ifmec.com\/en\/producto\/xxxii-reunion-castellano-manchega-de-dermatologia-12-13-junio-de-2026\/","title":{"rendered":"XXXII REUNI\u00d3N CASTELLANO-MANCHEGA DE DERMATOLOG\u00cdA. 12-13 Junio de 2026"},"content":{"rendered":"<p><a class=\"btn btn-info\"<a href=\"https:\/\/ifmec.com\/wp-content\/uploads\/2025\/11\/DERMATOLOGIA.-Cuenca-8.pdf\">PROGRAMA<\/a><\/p>\n<p class=\"cvGsUA direction-ltr align-justify para-style-body\">Estimados compa\u00f1eros y amigos, Es un placer darles la bienvenida a la XXXII Reuni\u00f3n Castellano-Manchega de Dermatolog\u00eda, que celebraremos los pr\u00f3ximos 12 y 13 de junio de 2026 en la emblem\u00e1tica ciudad de Cuenca.<\/p>\n<p class=\"cvGsUA direction-ltr align-justify para-style-body\">Nos encontraremos en un emblem\u00e1tico edificio del casco antiguo, un lugar cargado de historia que acoger\u00e1 unas jornadas dedicadas al intercambio de conocimiento, la reflexi\u00f3n y el compa\u00f1erismo dentro de nuestra especialidad. El programa cient\u00edfico, diverso y actualizado, ha sido preparado para fomentar el aprendizaje, el debate y la colaboraci\u00f3n, reforzando los lazos que nos unen como comunidad dermatol\u00f3gica.<\/p>\n<p class=\"cvGsUA direction-ltr align-justify para-style-body\">Cuenca, con su encanto \u00fanico y su riqueza cultural, ser\u00e1 el escenario perfecto para disfrutar de una experiencia enriquecedora tanto en lo profesional como en lo personal. En nombre del Comit\u00e9 Organizador y Cient\u00edfico, os agradecemos vuestra participaci\u00f3n y entusiasmo. Estamos seguros de que esta reuni\u00f3n ser\u00e1 memorable.<\/p>\n<p class=\"cvGsUA direction-ltr align-justify para-style-body\">\u00a1Nos vemos en Cuenca!<\/p>\n<p class=\"cvGsUA direction-ltr align-center para-style-body\"><strong><span class=\"a_GcMg font-feature-liga-off font-feature-clig-off font-feature-calt-off text-decoration-none text-strikethrough-none\">COMIT\u00c9 ORGANIZADOR<\/span><\/strong><\/p>\n<ul>\n<li class=\"cvGsUA direction-ltr align-center para-style-body\"><span class=\"a_GcMg font-feature-liga-off font-feature-clig-off font-feature-calt-off text-decoration-none text-strikethrough-none\">Sergio Alique Garc\u00eda<\/span><\/li>\n<li class=\"cvGsUA direction-ltr align-center para-style-body\"><span class=\"a_GcMg font-feature-liga-off font-feature-clig-off font-feature-calt-off text-decoration-none text-strikethrough-none\">Beatriz D\u00edaz Martinez<\/span><\/li>\n<li class=\"cvGsUA direction-ltr align-center para-style-body\"><span class=\"a_GcMg font-feature-liga-off font-feature-clig-off font-feature-calt-off text-decoration-none text-strikethrough-none\">Maria del Carmen Garc\u00eda del Pozo Mart\u00edn de Hijas<\/span><\/li>\n<li class=\"cvGsUA direction-ltr align-center para-style-body\"><span class=\"a_GcMg font-feature-liga-off font-feature-clig-off font-feature-calt-off text-decoration-none text-strikethrough-none\">Mar\u00eda Jos\u00e9 Izquierdo Estirado<\/span><\/li>\n<\/ul>\n<p><strong>SEDE<\/strong><\/p>\n<p class=\"cvGsUA direction-ltr align-start para-style-body\">SEDE: <a href=\"https:\/\/www.google.com\/maps\/place\/data=!4m2!3m1!1s0xd5d677179d17c5d:0x1188b2fdf1650e2a?sa=X&amp;ved=1t:8290&amp;ictx=111\">Hospeder\u00eda del Seminario<\/a> Pl. la Merced, 3, 16001 Cuenca<\/p>\n<h3 class=\"cvGsUA direction-ltr align-center para-style-body\">FECHAS<\/h3>\n<p class=\"cvGsUA direction-ltr align-center para-style-body\">12-13 Junio de 2026<\/p>\n<h4><b>REQUISITOS PARA LA INSCRIPCI\u00d3N:<\/b><\/h4>\n<p><span style=\"font-weight: 400;\">Inscripci\u00f3n <strong>GRATUITA<\/strong> para profesionales sanitarios con \u00e1mbito de l<span class=\"JsGRdQ\">as enfermedades dermatol\u00f3gicas.<\/span><\/span><\/p>\n<p>&nbsp;<\/p>\n<p><strong><span style=\"color: #ff0000;\">ROGAMOS CONTEMPLEN EN LA INSCRIPCI\u00d3N, EN EL APARTADO DE NOTAS, SI EL PARTICIPANTE ES ENFERMER@, ESPECIALISTA O RESIDENTE.\u00a0<\/span><\/strong><\/p>\n<p>&nbsp;<\/p>\n","protected":false},"excerpt":{"rendered":"","protected":false},"featured_media":13982,"template":"","meta":[],"product_cat":[371],"product_tag":[],"class_list":["post-13915","product","type-product","status-publish","has-post-thumbnail","hentry","product_cat-dermatologia","pa_modalidad-enfermer","pa_modalidad-medico-especialista"],"_links":{"self":[{"href":"https:\/\/ifmec.com\/en\/wp-json\/wp\/v2\/product\/13915","targetHints":{"allow":["GET"]}}],"collection":[{"href":"https:\/\/ifmec.com\/en\/wp-json\/wp\/v2\/product"}],"about":[{"href":"https:\/\/ifmec.com\/en\/wp-json\/wp\/v2\/types\/product"}],"wp:featuredmedia":[{"embeddable":true,"href":"https:\/\/ifmec.com\/en\/wp-json\/wp\/v2\/media\/13982"}],"wp:attachment":[{"href":"https:\/\/ifmec.com\/en\/wp-json\/wp\/v2\/media?parent=13915"}],"wp:term":[{"taxonomy":"product_cat","embeddable":true,"href":"https:\/\/ifmec.com\/en\/wp-json\/wp\/v2\/product_cat?post=13915"},{"taxonomy":"product_tag","embeddable":true,"href":"https:\/\/ifmec.com\/en\/wp-json\/wp\/v2\/product_tag?post=13915"}],"curies":[{"name":"wp","href":"https:\/\/api.w.org\/{rel}","templated":true}]}}