{"id":13877,"date":"2025-11-17T08:22:37","date_gmt":"2025-11-17T07:22:37","guid":{"rendered":"https:\/\/ifmec.com\/?post_type=product&#038;p=13877"},"modified":"2026-04-08T17:28:02","modified_gmt":"2026-04-08T15:28:02","slug":"viii-curso-de-cirugia-oculoplastica-en-directo-9-10-abril-2025","status":"publish","type":"product","link":"https:\/\/ifmec.com\/en\/producto\/viii-curso-de-cirugia-oculoplastica-en-directo-9-10-abril-2025\/","title":{"rendered":"VIII CURSO DE CIRUG\u00cdA OCULOPL\u00c1STICA EN DIRECTO. 9-10 ABRIL 2026"},"content":{"rendered":"<p><a class=\"btn btn-info\"<a href=\"https:\/\/ifmec.com\/wp-content\/uploads\/2025\/11\/Sin-VIII-CURSO-DE-CIRUGIA-OCULOPLASTICA-EN-DIRECTO-10.pdf\">PROGRAMA CURSO<\/a><\/p>\n<h4><\/h4>\n<h3><b>DIRECTORES-ORGANIZADORES:<\/b><\/h3>\n<p>Dr. NICOL\u00c1S TOLEDANO FERN\u00c1NDEZ<\/p>\n<p>Dr. BAZIL STOICA<\/p>\n<p>Dra. RAQUEL LAPUENTE MONJAS<\/p>\n<p>Dra. NATALIA MONJA ALARC\u00d3N<\/p>\n<p>Dra. ALEJANDRA ALVAREZ BRANDT<\/p>\n<h3><strong>OBJETIVOS GENERALES<\/strong><\/h3>\n<p>1. El objetivo del Curso es la realizaci\u00f3n de una serie de cirug\u00edas en directo por oculopl\u00e1sticos de reconocida experiencia, de manera que sean atractivas desde el punto de vista docente. De manera amena e interactiva, se pretende que los asistentes al curso descubran el paso a paso de cada una de las t\u00e9cnicas presentadas.<br \/>\n2. En este VIII Curso hemos incluido cirug\u00edas de las patolog\u00edas m\u00e1s frecuentes y de las mas complejas a las que nos enfrentamos en esta subespecialidad. Tambi\u00e9n se realizar\u00e1n interesantes talleres sobre rellenos cosm\u00e9ticos y toxina botul\u00ednica.<br \/>\n3. Las cirug\u00edas se realizar\u00e1n en los quir\u00f3fanos del Hospital Universitario de Fuenlabrada en directo al sal\u00f3n de actos donde se encontrar\u00e1n los asistentes y los moderadores. La idea es que, durante las cirug\u00edas, los ponentes vayan explicando los diferentes pasos y trucos quir\u00fargicos y que los moderadores transmitan las dudas de los asistentes.<\/p>\n<h3><strong>FECHAS<\/strong><\/h3>\n<p>9-10 ABRIL 2026<\/p>\n<p><strong>SEDE<\/strong><\/p>\n<p><a href=\"https:\/\/www.google.com\/maps\/place\/Hospital+Universitario+de+Fuenlabrada\/@40.2872105,-3.8184398,17z\/data=!3m2!4b1!5s0xd418b780878414b:0x96dcce9618050104!4m16!1m9!4m8!1m6!1m2!1s0xd418b81d6279cbb:0xc46b16b03cbd4725!2sHospital+Universitario+de+Fuenlabrada,+Cam.+del+Molino,+2,+28942+Fuenlabrada,+Madrid!2m2!1d-3.8158649!2d40.2872064!1m0!3m5!1s0xd418b81d6279cbb:0xc46b16b03cbd4725!8m2!3d40.2872064!4d-3.8158649!16s%2Fg%2F11xg4yj1z?entry=ttu\">Hospital Universitario de Fuenlabrada de Madrid.<\/a><\/p>\n<p>En Streaming <strong><span style=\"color: #ff0000;\">(Solo para fuera de Espa\u00f1a)<\/span><\/strong>.<\/p>\n<div style=\"width: 640px;\" class=\"wp-video\"><!--[if lt IE 9]><script>document.createElement('video');<\/script><![endif]-->\n<video class=\"wp-video-shortcode\" id=\"video-13877-1\" width=\"640\" height=\"360\" preload=\"metadata\" controls=\"controls\"><source type=\"video\/mp4\" src=\"https:\/\/ifmec.com\/wp-content\/uploads\/2025\/11\/video-promo.mp4?_=1\" \/><a href=\"https:\/\/ifmec.com\/wp-content\/uploads\/2025\/11\/video-promo.mp4\">https:\/\/ifmec.com\/wp-content\/uploads\/2025\/11\/video-promo.mp4<\/a><\/video><\/div>\n<div style=\"width: 640px;\" class=\"wp-video\"><video class=\"wp-video-shortcode\" id=\"video-13877-2\" width=\"640\" height=\"360\" preload=\"metadata\" controls=\"controls\"><source type=\"video\/mp4\" src=\"https:\/\/ifmec.com\/wp-content\/uploads\/2025\/11\/master-curso-2025_DwKCedxR.mp4?_=2\" \/><a href=\"https:\/\/ifmec.com\/wp-content\/uploads\/2025\/11\/master-curso-2025_DwKCedxR.mp4\">https:\/\/ifmec.com\/wp-content\/uploads\/2025\/11\/master-curso-2025_DwKCedxR.mp4<\/a><\/video><\/div>\n<div style=\"width: 640px;\" class=\"wp-video\"><video class=\"wp-video-shortcode\" id=\"video-13877-3\" width=\"640\" height=\"360\" preload=\"metadata\" controls=\"controls\"><source type=\"video\/mp4\" src=\"https:\/\/ifmec.com\/wp-content\/uploads\/2025\/11\/video-promo-2.mp4?_=3\" \/><a href=\"https:\/\/ifmec.com\/wp-content\/uploads\/2025\/11\/video-promo-2.mp4\">https:\/\/ifmec.com\/wp-content\/uploads\/2025\/11\/video-promo-2.mp4<\/a><\/video><\/div>\n<p>&nbsp;<\/p>\n<h3><strong>PRECIOS<\/strong><\/h3>\n<p><strong>CURSO EST\u00c9TICA:<\/strong> 150\u20ac<br \/>\n<strong>CURSO CIRUG\u00cdA EN DIRECTO:<\/strong> 250\u20ac<br \/>\n<strong>CURSO EST\u00c9TICA+ CIRUG\u00cdA EN DIRECTO:<\/strong> 350\u20ac<br \/>\n<strong>CURSO STREAMING <span style=\"color: #ff0000;\">(Solo para fuera de Espa\u00f1a)<\/span>:<\/strong><\/p>\n<p><em>&#8211; Est\u00e9tica:<\/em> 100\u20ac<br \/>\n&#8211; <em>\u2060Cirug\u00eda en directo:<\/em> 200\u20ac<br \/>\n&#8211; \u2060<em>Est\u00e9tica+cirug\u00eda en directo<\/em>: 250\u20ac<\/p>\n<h3><strong>PRECIOS PARA RESIDENTES:\u00a0<\/strong><\/h3>\n<p>CURSO EST\u00c9TICA: 100\u20ac<br \/>\nCURSO CIRUG\u00cdA EN DIRECTO: 175\u20ac<br \/>\nCURSO EST\u00c9TICA+ CIRUG\u00cdA EN DIRECTO: 250\u20ac<br \/>\nCURSO STREAMING: <strong><span style=\"color: #ff0000;\">(Solo para fuera de Espa\u00f1a)<\/span><span style=\"color: #000000;\">:<\/span><\/strong><br \/>\n&#8211; Est\u00e9tica 100\u20ac<br \/>\n&#8211; \u2060Cirug\u00eda en directo 200\u20ac<br \/>\n&#8211; \u2060Est\u00e9tica + cirug\u00eda en directo 250\u20ac \u00a0<strong><span style=\"color: #ff0000;\">(Solo para fuera de Espa\u00f1a)<\/span><\/strong><\/p>\n<h3><strong>OTRA INFORMACI\u00d3N<\/strong><\/h3>\n<div dir=\"auto\"><strong>La sesi\u00f3n se emitir\u00e1 en streaming si se alcanzan al menos <span style=\"color: #ff0000;\">80 inscripciones en esta modalidad.<\/span> En caso contrario, estar\u00e1 disponible en diferido a trav\u00e9s de nuestra plataforma online en Campus IFMEC.<\/strong><\/div>\n<h4>CURSO EST\u00c9TICA:<\/h4>\n<p>Se realizar\u00e1 el jueves d\u00eda 9 ma\u00f1ana y tarde.<\/p>\n<h4>CURSO CIRUG\u00cdA EN DIRECTO:<\/h4>\n<p>Se realizar\u00e1 el viernes d\u00eda 10 ma\u00f1ana y tarde.<\/p>\n<p>* Plazas limitadas.<br \/>\n* Se adjudicar\u00e1n las plazas por orden de inscripci\u00f3n.<br \/>\n* Curso acreditado por la Comisi\u00f3n de Formaci\u00f3n Continuada de las Profesiones Sanitarias de la Comunidad de Madrid.<\/p>\n<p>&nbsp;<\/p>\n<p>&nbsp;<\/p>\n","protected":false},"excerpt":{"rendered":"","protected":false},"featured_media":13890,"template":"","meta":[],"product_cat":[20],"product_tag":[],"class_list":["post-13877","product","type-product","status-publish","has-post-thumbnail","hentry","product_cat-oftalmologia","pa_modalidad-curso-cirugia-en-directo-250e","pa_modalidad-curso-estetica-150e","pa_modalidad-curso-estetica-cirugia-en-directo-350e","pa_modalidad-curso-streaming-solo-amercia-latina-cirugia-d-200e","pa_modalidad-curso-streaming-solo-america-latina-estetica-100-e","pa_modalidad-curso-streaming-solo-america-latina-esteticacirugia-250-e","pa_modalidad-residentes-curso-cirugia-en-directo-175e","pa_modalidad-residentes-curso-estetica100-e","pa_modalidad-residentes-curso-esteticac-en-directo-250e","pa_modalidad-residentes-streaming-solo-a-latina-cirugia-en-directo-200e","pa_modalidad-residentes-streaming-solo-a-latina-estetica-c-en-directo-250e","pa_modalidad-residentes-streaming-solo-america-latina-estetica-100e"],"_links":{"self":[{"href":"https:\/\/ifmec.com\/en\/wp-json\/wp\/v2\/product\/13877","targetHints":{"allow":["GET"]}}],"collection":[{"href":"https:\/\/ifmec.com\/en\/wp-json\/wp\/v2\/product"}],"about":[{"href":"https:\/\/ifmec.com\/en\/wp-json\/wp\/v2\/types\/product"}],"wp:featuredmedia":[{"embeddable":true,"href":"https:\/\/ifmec.com\/en\/wp-json\/wp\/v2\/media\/13890"}],"wp:attachment":[{"href":"https:\/\/ifmec.com\/en\/wp-json\/wp\/v2\/media?parent=13877"}],"wp:term":[{"taxonomy":"product_cat","embeddable":true,"href":"https:\/\/ifmec.com\/en\/wp-json\/wp\/v2\/product_cat?post=13877"},{"taxonomy":"product_tag","embeddable":true,"href":"https:\/\/ifmec.com\/en\/wp-json\/wp\/v2\/product_tag?post=13877"}],"curies":[{"name":"wp","href":"https:\/\/api.w.org\/{rel}","templated":true}]}}