{"id":13689,"date":"2025-09-17T09:26:12","date_gmt":"2025-09-17T07:26:12","guid":{"rendered":"https:\/\/ifmec.com\/?post_type=product&#038;p=13689"},"modified":"2026-01-16T16:05:38","modified_gmt":"2026-01-16T15:05:38","slug":"curso-teorico-practico-de-cirugia-de-oido-medio-y-curso-de-diseccion-de-hueso-temporal-23-al-27-de-marzo-de-2026curso-teorico-practico-de-cirugia-de-oido-medio-y-curso-de-diseccion-de-hueso-temporal","status":"publish","type":"product","link":"https:\/\/ifmec.com\/en\/producto\/curso-teorico-practico-de-cirugia-de-oido-medio-y-curso-de-diseccion-de-hueso-temporal-23-al-27-de-marzo-de-2026curso-teorico-practico-de-cirugia-de-oido-medio-y-curso-de-diseccion-de-hueso-temporal\/","title":{"rendered":"Curso Te\u00f3rico Pr\u00e1ctico de Cirug\u00eda de O\u00eddo Medio y Curso de Disecci\u00f3n de Hueso Temporal. 23 al 27 de marzo de 2026"},"content":{"rendered":"<p><a class=\"btn btn-info\u201d&lt;a href=\" href=\"https:\/\/ifmec.com\/wp-content\/uploads\/2025\/09\/General-Curso_Diseccion-1-1-2.pdf\">INFORMACI\u00d3N DEL CURSO<\/a><\/p>\n<p>Curso de Cirug\u00eda de o\u00eddo y Disecci\u00f3n de Temporal que combina Cirug\u00eda en Directo, Sesiones te\u00f3ricas participativas con mesas redondas abiertas y lecciones sobre todos los aspectos de la Cirug\u00eda Otol\u00f3gica, con Disecci\u00f3n guiada de hueso temporal. Dirigido a residentes con inter\u00e9s en Otolog\u00eda, as\u00ed como especialistas que buscan formaci\u00f3n continuada en esta \u00e1rea.<\/p>\n<p>Contar\u00e1 con:<\/p>\n<p><strong>NUEVA DOTACI\u00d3N EN EL LABORATORIO<\/strong><\/p>\n<p>\u2022 Microscopios Zeiss<\/p>\n<p>\u2022 C\u00e1maras HD integradas<\/p>\n<p>\u2022 Sistema Centralizado de Imagen<\/p>\n<p><strong>MEJORAS EN LOS MEDIOS DE FORMACI\u00d3N<\/strong><\/p>\n<p>\u2022 Dos lados de una cabeza por alumno<\/p>\n<p>\u2022 Posibilidad de grabaci\u00f3n de la disecci\u00f3n<\/p>\n<p>\u2022 Control de la disecci\u00f3n desde puestos centralizados<\/p>\n<p>\u2022 Tutorizaci\u00f3n continuada<\/p>\n<p><strong>FECHAS: <\/strong>Del 23 al 27 de marzo de 2026<\/p>\n<p><strong>PRECIO:<\/strong><\/p>\n<p>TEORICO\/PRACTICO RESIDENTES: 2200 \u20ac<\/p>\n<p>TEORICO\/PRACTICO ADJUNTOS: 2500 \u20ac<\/p>\n<p>Gastos de TPV: 30\u20ac<\/p>\n<p><strong>SEDE:<\/strong><\/p>\n<p><a href=\"https:\/\/www.google.com\/maps\/place\/Facultad+de+Medicina+UAM\/@40.4814393,-3.6930016,17z\/data=!3m1!4b1!4m5!3m4!1s0xd41858cad469ca5:0x9d8ec7a9c808c531!8m2!3d40.4814393!4d-3.6908076\">Departamento de Anatom\u00eda. Facultad de Medicina. Universidad Aut\u00f3noma de Madrid<\/a> .Calle Arturo Duperier s\/n, 28029 Madrid<\/p>\n<p><strong>PAGO:<\/strong> Rellenar los datos que aparecen en el bolet\u00edn de inscripci\u00f3n <a href=\"https:\/\/ifmec.com\/wp-content\/uploads\/2025\/09\/boletin-inscripcion-.doc\"><span style=\"color: #3366ff;\"><strong>pinchando est<\/strong><\/span><span style=\"color: #3366ff;\"><strong>e enlace <\/strong><\/span><\/a>y realizar transferencia bancaria a nuestra cuenta enviando el resguardo de la transferencia y el bolet\u00edn por email a <strong>cursosoidomedio@gmail.com<\/strong>, con sus datos personales incluidos y la referencia del curso seleccionado.<\/p>\n<ul>\n<li>Banco Sabadell FUNDACION DR. ARISTEGUI<br \/>\nIBAN ES46 0081 7307 0500 0111 4422 (indicando nombre y apellidos)<\/li>\n<\/ul>\n","protected":false},"excerpt":{"rendered":"<p>Curso de Cirug\u00eda de o\u00eddo y Disecci\u00f3n de Temporal que combina Cirug\u00eda en Directo, Sesiones te\u00f3ricas participativas con mesas redondas abiertas y lecciones sobre todos los aspectos de la Cirug\u00eda Otol\u00f3gica, con Disecci\u00f3n guiada de hueso temporal. Dirigido a residentes con inter\u00e9s en Otolog\u00eda, as\u00ed como especialistas que buscan formaci\u00f3n continuada en esta \u00e1rea.<\/p>\n","protected":false},"featured_media":13683,"template":"","meta":[],"product_cat":[368],"product_tag":[],"class_list":["post-13689","product","type-product","status-publish","has-post-thumbnail","hentry","product_cat-cursos-dr-aristegui","pa_modalidad-2230e-teorico-practico-residentes","pa_modalidad-2530-e-teorico-practico-adjuntos"],"_links":{"self":[{"href":"https:\/\/ifmec.com\/en\/wp-json\/wp\/v2\/product\/13689","targetHints":{"allow":["GET"]}}],"collection":[{"href":"https:\/\/ifmec.com\/en\/wp-json\/wp\/v2\/product"}],"about":[{"href":"https:\/\/ifmec.com\/en\/wp-json\/wp\/v2\/types\/product"}],"wp:featuredmedia":[{"embeddable":true,"href":"https:\/\/ifmec.com\/en\/wp-json\/wp\/v2\/media\/13683"}],"wp:attachment":[{"href":"https:\/\/ifmec.com\/en\/wp-json\/wp\/v2\/media?parent=13689"}],"wp:term":[{"taxonomy":"product_cat","embeddable":true,"href":"https:\/\/ifmec.com\/en\/wp-json\/wp\/v2\/product_cat?post=13689"},{"taxonomy":"product_tag","embeddable":true,"href":"https:\/\/ifmec.com\/en\/wp-json\/wp\/v2\/product_tag?post=13689"}],"curies":[{"name":"wp","href":"https:\/\/api.w.org\/{rel}","templated":true}]}}