{"id":13659,"date":"2025-09-15T09:23:00","date_gmt":"2025-09-15T07:23:00","guid":{"rendered":"https:\/\/ifmec.com\/?post_type=product&#038;p=13659"},"modified":"2026-04-13T14:05:39","modified_gmt":"2026-04-13T12:05:39","slug":"v-curso-de-cirugia-laringea-9-y-10-de-abril-de-2026","status":"publish","type":"product","link":"https:\/\/ifmec.com\/en\/producto\/v-curso-de-cirugia-laringea-9-y-10-de-abril-de-2026\/","title":{"rendered":"V CURSO DE CIRUGI\u0301A LARI\u0301NGEA. 9 y 10 de Abril de 2026"},"content":{"rendered":"<p><a class=\"btn btn-info\" href=\"https:\/\/ifmec.com\/wp-content\/uploads\/2025\/09\/Programa-V-Curso-Cirugia-Laringea-5.pdf\">PROGRAMA CURSO<\/a><\/p>\n<p>&nbsp;<\/p>\n<h3><b>PRESENTACI\u00d3N Y OBJETIVO DEL CURSO:<\/b><\/h3>\n<p class=\"cvGsUA direction-ltr align-justify para-style-body\"><span class=\"OYPEnA font-feature-liga-off font-feature-clig-off font-feature-calt-off text-decoration-none text-strikethrough-none\">Desde el Servicio de Otorrinolaringolog\u00eda del Hospital Universitario de La Paz presentamos nuestro<\/span> <span class=\"OYPEnA font-feature-liga-off font-feature-clig-off font-feature-calt-off text-decoration-none text-strikethrough-none\">IV Curso de Cirug\u00eda Lar\u00edngea con un enfoque eminentemente pr\u00e1ctico en el que repasaremos las t\u00e9cnicas quir\u00fargicas m\u00e1s habituales en la cirug\u00eda lar\u00edngea no oncol\u00f3gica.<\/span><\/p>\n<p class=\"cvGsUA direction-ltr align-justify para-style-body\"><span class=\"OYPEnA font-feature-liga-off font-feature-clig-off font-feature-calt-off text-decoration-none text-strikethrough-none\">La metodolog\u00eda docente consistir\u00e1 en charlas breves para explicar las indicaciones y describir la t\u00e9cnica quir\u00fargica a realizar, seguida de la pr\u00e1ctica de la misma en el cad\u00e1ver conservado mediante t\u00e9cnica de Thiel. Adem\u00e1s contaremos con la pr\u00e1ctica en laringe de cerdo que completar\u00e1 la comprensi\u00f3n de las t\u00e9cnicas en un modelo diferente<\/span><\/p>\n<p class=\"cvGsUA direction-ltr align-justify para-style-body\"><span class=\"OYPEnA font-feature-liga-off font-feature-clig-off font-feature-calt-off text-decoration-none text-strikethrough-none\">\u00a1Os esperamos!<\/span><\/p>\n<h3><b>DIRECTORES DEL CURSO:<\/b><\/h3>\n<ul>\n<li><span class=\"OYPEnA text-decoration-none text-strikethrough-none\">Dr. Ricardo Bern\u00e1ldez Mill\u00e1n. M\u00e9dico Adjunto. Servicio de Otorrinolaringolog\u00eda.<\/span><\/li>\n<li><span class=\"OYPEnA text-decoration-none text-strikethrough-none\">Hospital Universitario La Paz, Madrid.<\/span><\/li>\n<li><span class=\"OYPEnA text-decoration-none text-strikethrough-none\">Dra. Isabel Garc\u00eda L\u00f3pez. . Otorrinolaring\u00f3loga. Unidad de Voz; Hospital Universitario La Paz.<\/span><\/li>\n<li><span class=\"OYPEnA text-decoration-none text-strikethrough-none\">Dra. Teresa Rivera Schmitz. M\u00e9dico Adjunto. Servicio de Otorrinolaringolog\u00eda. Hospital Universitario La Paz, Madrid.<\/span><\/li>\n<\/ul>\n<p class=\"_04xlpA direction-ltr align-justify para-style-body\"><span class=\"JsGRdQ\">I<\/span><span class=\"JsGRdQ\">NVITADO INTERNACIONAL<\/span><\/p>\n<ul>\n<li><span class=\"a_GcMg font-feature-liga-off font-feature-clig-off font-feature-calt-off text-decoration-none text-strikethrough-none\">Dr. Ram\u00f3n Franco. Massachusetts Eye and Ear Medical Director, Voice and Speech Laboratory. Harvard Medical School Associate Professor of Otolaryngology\u2013Head and Neck Surgery<\/span><\/li>\n<\/ul>\n<h3><b>CURSO DIRIGIDO A:<\/b><\/h3>\n<p><span class=\"OYPEnA text-decoration-none text-strikethrough-none\">M\u00e9dicos especialistas de Otorrinolaringolog\u00eda<\/span><\/p>\n<p><strong>FECHAS:<\/strong> <span class=\"a_GcMg font-feature-liga-off font-feature-clig-off font-feature-calt-off text-decoration-none text-strikethrough-none\">9 y 10 de Abril de 2026<\/span><\/p>\n<p><strong>PRECIO:<\/strong> 1200 \u20ac<\/p>\n<p><strong>SEDE: <\/strong>Facultad de Medicina de la Universidad Aut\u00f3noma de Madrid Departamento de Anatom\u00eda. Calle Arturo Duperier 4 Madrid 28029<\/p>\n<p><span style=\"color: #0000ff;\">POL\u00cdTICA DE CANCELACI\u00d3N DE RESERVA<\/span><\/p>\n<p class=\"p1\">En el caso de cancelaci\u00f3n de una reserva, las tasas de devoluci\u00f3n son las siguientes:<\/p>\n<p class=\"p1\">&#8211; Cancelaciones 30 d\u00edas naturales previos al curso se reembolsar\u00e1 el 100% de importe de inscripci\u00f3n, excepto los gastos de gesti\u00f3n que pudiera ocasionar.<\/p>\n<p class=\"p1\">&#8211; Cancelaciones entre 30 y 10 d\u00edas naturales previos al curso se reembolsar\u00e1 el 50% del importe de inscripci\u00f3n, excepto los gastos de gesti\u00f3n que pudiera ocasionar.<\/p>\n<p class=\"p1\">&#8211; Cancelaciones con menos de 10 d\u00edas naturales de anticipaci\u00f3n no dar\u00e1 derecho a devoluci\u00f3n alguna.<\/p>\n","protected":false},"excerpt":{"rendered":"<p><span class=\"OYPEnA font-feature-liga-off font-feature-clig-off font-feature-calt-off text-decoration-none text-strikethrough-none\">Desde el Servicio de Otorrinolaringolog\u00eda del Hospital Universitario de La Paz presentamos nuestro<\/span> <span class=\"OYPEnA font-feature-liga-off font-feature-clig-off font-feature-calt-off text-decoration-none text-strikethrough-none\">IV Curso de Cirug\u00eda Lar\u00edngea con un enfoque eminentemente pr\u00e1ctico en el que repasaremos las t\u00e9cnicas quir\u00fargicas m\u00e1s habituales en la cirug\u00eda lar\u00edngea no oncol\u00f3gica.<\/span><\/p>\n","protected":false},"featured_media":13663,"template":"","meta":[],"product_cat":[265],"product_tag":[],"class_list":["post-13659","product","type-product","status-publish","has-post-thumbnail","hentry","product_cat-laryngology","pa_modalidad-1-200-e-curso-cirugia-laringea-en"],"_links":{"self":[{"href":"https:\/\/ifmec.com\/en\/wp-json\/wp\/v2\/product\/13659","targetHints":{"allow":["GET"]}}],"collection":[{"href":"https:\/\/ifmec.com\/en\/wp-json\/wp\/v2\/product"}],"about":[{"href":"https:\/\/ifmec.com\/en\/wp-json\/wp\/v2\/types\/product"}],"wp:featuredmedia":[{"embeddable":true,"href":"https:\/\/ifmec.com\/en\/wp-json\/wp\/v2\/media\/13663"}],"wp:attachment":[{"href":"https:\/\/ifmec.com\/en\/wp-json\/wp\/v2\/media?parent=13659"}],"wp:term":[{"taxonomy":"product_cat","embeddable":true,"href":"https:\/\/ifmec.com\/en\/wp-json\/wp\/v2\/product_cat?post=13659"},{"taxonomy":"product_tag","embeddable":true,"href":"https:\/\/ifmec.com\/en\/wp-json\/wp\/v2\/product_tag?post=13659"}],"curies":[{"name":"wp","href":"https:\/\/api.w.org\/{rel}","templated":true}]}}