{"id":13154,"date":"2019-12-11T18:26:45","date_gmt":"2019-12-11T17:26:45","guid":{"rendered":"https:\/\/ifmec.com\/producto\/curso-online-de-lectura-de-tac-de-oido-en-orl\/"},"modified":"2025-09-05T15:05:32","modified_gmt":"2025-09-05T13:05:32","slug":"curso-online-de-lectura-de-tac-de-oido-en-orl","status":"publish","type":"product","link":"https:\/\/ifmec.com\/en\/producto\/curso-online-de-lectura-de-tac-de-oido-en-orl\/","title":{"rendered":"Curso ONLINE de lectura de TAC de O\u00eddo en ORL"},"content":{"rendered":"<p><a class=\"btn btn-info\" href=\"https:\/\/ifmec.com\/wp-content\/uploads\/2019\/12\/DIPTICO-TAC-oi\u0301do-2024-1.pdf\">PROGRAMADELCURSO<\/a><\/p>\n<p><strong>Directores:<\/strong>\u00a0Dr. Angel Rodr\u00edguez (ORL). Dra. Ana Marco (Radi\u00f3loga).<\/p>\n<p>El presente Curso online de Lectura de TAC de O\u00eddo en ORL est\u00e1 dise\u00f1ado para que el alumno adquiera todos los conocimientos y habilidades b\u00e1sicas que precisa en el manejo de las im\u00e1genes TAC en el \u00e1rea ORL.<\/p>\n<h3>OBJETIVOS DEL CURSO<\/h3>\n<ol>\n<li>Dise\u00f1ar una forma sistematizada de estudio del TAC del o\u00eddo, paso a paso.<\/li>\n<li>Crear una gu\u00eda de puntos anat\u00f3micos de referencia para la lectura de la im\u00e1genes.<\/li>\n<li>Establecer relaciones anat\u00f3micas estables entre estructuras anat\u00f3micas que permitan una cirug\u00eda adecuada y segura de las mismas.<\/li>\n<\/ol>\n<h3><strong>M\u00c1S INFORMACI\u00d3N<\/strong><\/h3>\n<ul>\n<li><strong>FECHAS:<\/strong>\u00a0matr\u00edcula abierta. Desde el momento del alta en el campus, el curso tiene una duraci\u00f3n de tres meses.<\/li>\n<li><strong>PRECIO:<\/strong>\u00a0200\u20ac (Iva Incluido, precio sin IVA 165,3\u20ac)<\/li>\n<li><strong>SEDE:<\/strong>\u00a0<a title=\"Campus Ifmec\" href=\"http:\/\/campus.ifmec.com\/\" target=\"_blank\" rel=\"noopener noreferrer\"><strong>Campus online<\/strong><\/a>.<\/li>\n<li><strong><strong>CREDITOS: <\/strong><\/strong>Esta actividad docente, ha sido acreditada por la Comisi\u00f3n de Formaci\u00f3n Continuada de las Profesiones Sanitarias de la Comunidad de Madrid \u2013 Sistema Nacional de Salud con <b>2,0 cr\u00e9ditos <\/b>de formaci\u00f3n continuada para las Profesiones Sanitarias.<\/li>\n<\/ul>\n<h3><strong>INSTRUCCIONES PARA MATRICULARSE<\/strong><\/h3>\n<ul>\n<li>Completar el formulario de inscripci\u00f3n al adquirir el curso.<\/li>\n<li>Realizar el pago a trav\u00e9s de nuestra pasarela de pago seguro o mediante transferencia<b>.<\/b><\/li>\n<li>En caso de transferencia mandar justificante de pago a<strong>\u00a0<a href=\"mailto:secretaria@ifmec.com\">secretaria@ifmec.com<\/a>.\u00a0<\/strong><\/li>\n<li>Recibir\u00e1 <strong>en su mail el usuario y contrase\u00f1a<\/strong> para acceder al Campus Virtual Ifmec y a su curso.<\/li>\n<\/ul>\n","protected":false},"excerpt":{"rendered":"<p>PROGRAMADELCURSO Directores:\u00a0Dr. Angel Rodr\u00edguez (ORL). Dra. Ana Marco (Radi\u00f3loga). El presente Curso online de Lectura [&hellip;]<\/p>\n","protected":false},"featured_media":12729,"template":"","meta":[],"product_cat":[277,269,275],"product_tag":[],"class_list":["post-13154","product","type-product","status-publish","has-post-thumbnail","hentry","product_cat-online-courses","product_cat-otology","product_cat-radiology","pa_modalidad-curso-online-en-2","pa_modalidad-mod-presencial-ingles"],"_links":{"self":[{"href":"https:\/\/ifmec.com\/en\/wp-json\/wp\/v2\/product\/13154","targetHints":{"allow":["GET"]}}],"collection":[{"href":"https:\/\/ifmec.com\/en\/wp-json\/wp\/v2\/product"}],"about":[{"href":"https:\/\/ifmec.com\/en\/wp-json\/wp\/v2\/types\/product"}],"wp:featuredmedia":[{"embeddable":true,"href":"https:\/\/ifmec.com\/en\/wp-json\/wp\/v2\/media\/12729"}],"wp:attachment":[{"href":"https:\/\/ifmec.com\/en\/wp-json\/wp\/v2\/media?parent=13154"}],"wp:term":[{"taxonomy":"product_cat","embeddable":true,"href":"https:\/\/ifmec.com\/en\/wp-json\/wp\/v2\/product_cat?post=13154"},{"taxonomy":"product_tag","embeddable":true,"href":"https:\/\/ifmec.com\/en\/wp-json\/wp\/v2\/product_tag?post=13154"}],"curies":[{"name":"wp","href":"https:\/\/api.w.org\/{rel}","templated":true}]}}