{"id":3571,"date":"2019-11-26T11:12:45","date_gmt":"2019-11-26T10:12:45","guid":{"rendered":"https:\/\/ifmec.com\/?page_id=3571"},"modified":"2020-01-13T17:40:26","modified_gmt":"2020-01-13T16:40:26","slug":"sites","status":"publish","type":"page","link":"https:\/\/ifmec.com\/en\/sites\/","title":{"rendered":"Sites"},"content":{"rendered":"<p>[vc_row css=&#8221;.vc_custom_1573745830487{margin-top: 40px !important;}&#8221;][vc_column][vc_column_text]Courses are held at the site of the SEORL (Sociedad Espa\u00f1ola de Otorrinolaringolog\u00eda), at the Faculty of Medicine of the Universidad Aut\u00f3noma de Madrid, at the Hospital Vithas Nuestra Sra. of Am\u00e9rica and at the Hospital Universitario of Fuenlabrada.<\/p>\n<p>Practice of these courses are possible thanks to\u00a0<a href=\"http:\/\/www.ahnfmed.uam.es\/index.php\/bodydonation\" target=\"_blank\" rel=\"noopener noreferrer\">Body Donation Program for Education and Research of the Faculty of Medicine of the Universidad Aut\u00f3noma of Madrid.<\/a>[\/vc_column_text][vc_gmaps link=&#8221;#E-8_JTNDaWZyYW1lJTIwc3JjJTNEJTIyaHR0cHMlM0ElMkYlMkZ3d3cuZ29vZ2xlLmNvbSUyRm1hcHMlMkZlbWJlZCUzRnBiJTNEJTIxMW0xOCUyMTFtMTIlMjExbTMlMjExZDMwMzQuNzIzMTYwNTI0NDU1JTIxMmQtMy42OTMzNzI2ODQ3NjY1MzM0JTIxM2Q0MC40ODEzODkxNTk2Mjg3MSUyMTJtMyUyMTFmMCUyMTJmMCUyMTNmMCUyMTNtMiUyMTFpMTAyNCUyMTJpNzY4JTIxNGYxMy4xJTIxM20zJTIxMW0yJTIxMXMweGQ0MTg1OGNhZDQ2OWNhNSUyNTNBMHg5ZDhlYzdhOWM4MDhjNTMxJTIxMnNGYWN1bHRhZCUyNTIwRGUlMjUyME1lZGljaW5hJTIxNWUwJTIxM20yJTIxMXNlcyUyMTJzZXMlMjE0djE1NzY1Nzg3ODA1NzYlMjE1bTIlMjExc2VzJTIxMnNlcyUyMiUyMHdpZHRoJTNEJTIyNjAwJTIyJTIwaGVpZ2h0JTNEJTIyNDUwJTIyJTIwZnJhbWVib3JkZXIlM0QlMjIwJTIyJTIwc3R5bGUlM0QlMjJib3JkZXIlM0EwJTNCJTIyJTIwYWxsb3dmdWxsc2NyZWVuJTNEJTIyJTIyJTNFJTNDJTJGaWZyYW1lJTNF&#8221; css_animation=&#8221;fadeIn&#8221; title=&#8221;Facultad de medicina de la UAM&#8221;][vc_column_text]<\/p>\n<div class=\"address\"><i class=\"fa fa-map-marker\" aria-hidden=\"true\"><\/i>Calle Arzobispo Morcillo, 28029 Madrid<\/div>\n<p>[\/vc_column_text][vc_gmaps link=&#8221;#E-8_JTNDaWZyYW1lJTIwc3JjJTNEJTIyaHR0cHMlM0ElMkYlMkZ3d3cuZ29vZ2xlLmNvbSUyRm1hcHMlMkZlbWJlZCUzRnBiJTNEJTIxMW0xNCUyMTFtOCUyMTFtMyUyMTFkMzAzNi4xMzkyMDIzNTQ2NjIzJTIxMmQtMy42NTQ0ODA2JTIxM2Q0MC40NTAwNTU5JTIxM20yJTIxMWkxMDI0JTIxMmk3NjglMjE0ZjEzLjElMjEzbTMlMjExbTIlMjExczB4ZDQyMmYyOGFjMWVlNTNiJTI1M0EweGVkNzI2ZDZiYzJlYzdmMDAlMjEyc1ZpdGhhcyUyNTIwSW50ZXJuYWNpb25hbCUyMTVlMCUyMTNtMiUyMTFzZXMlMjEyc2VzJTIxNHYxNTc2NTc4NjI1NTIwJTIxNW0yJTIxMXNlcyUyMTJzZXMlMjIlMjB3aWR0aCUzRCUyMjYwMCUyMiUyMGhlaWdodCUzRCUyMjQ1MCUyMiUyMGZyYW1lYm9yZGVyJTNEJTIyMCUyMiUyMHN0eWxlJTNEJTIyYm9yZGVyJTNBMCUzQiUyMiUyMGFsbG93ZnVsbHNjcmVlbiUzRCUyMiUyMiUzRSUzQyUyRmlmcmFtZSUzRQ==&#8221; css_animation=&#8221;fadeIn&#8221; title=&#8221;Hospital Vithas&#8221;][vc_column_text]<i class=\"fa fa-map-marker\" aria-hidden=\"true\"><\/i> Calle de Arturo Soria, 103-105, 28043 Madrid[\/vc_column_text][vc_gmaps link=&#8221;#E-8_JTNDaWZyYW1lJTIwc3JjJTNEJTIyaHR0cHMlM0ElMkYlMkZ3d3cuZ29vZ2xlLmNvbSUyRm1hcHMlMkZlbWJlZCUzRnBiJTNEJTIxMW0xOCUyMTFtMTIlMjExbTMlMjExZDMwMzcuMDY2OTM4MDIxMTk4NCUyMTJkLTMuNjgwNjA1MDg1MTA0OTcyJTIxM2Q0MC40Mjk1MTY2NjI3ODY1NTQlMjEybTMlMjExZjAlMjEyZjAlMjEzZjAlMjEzbTIlMjExaTEwMjQlMjEyaTc2OCUyMTRmMTMuMSUyMTNtMyUyMTFtMiUyMTFzMHhkNDIyOGIyMDMwMWQ1MDclMjUzQTB4NWZlOTEyMWRmYzllOTMxOSUyMTJzU29jaWVkYWQlMjUyMEVzcGElMjVDMyUyNUIxb2xhJTI1MjBkZSUyNTIwT3RvcnJpbm9sYXJpbmdvbG9nJTI1QzMlMjVBRGElMjUyMC0lMjUyMFNFT1JMLVBDRiUyMTVlMCUyMTNtMiUyMTFzZXMlMjEyc2VzJTIxNHYxNTc0MzMxNDU3OTc0JTIxNW0yJTIxMXNlcyUyMTJzZXMlMjIlMjB3aWR0aCUzRCUyMjYwMCUyMiUyMGhlaWdodCUzRCUyMjQ1MCUyMiUyMGZyYW1lYm9yZGVyJTNEJTIyMCUyMiUyMHN0eWxlJTNEJTIyYm9yZGVyJTNBMCUzQiUyMiUyMGFsbG93ZnVsbHNjcmVlbiUzRCUyMiUyMiUzRSUzQyUyRmlmcmFtZSUzRQ==&#8221; css_animation=&#8221;fadeIn&#8221; title=&#8221;Sociedad Espa\u00f1ola de Otorrinolaringolog\u00eda &#8211; SEORL-PCF&#8221;][vc_column_text]<i class=\"fa fa-map-marker\" aria-hidden=\"true\"><\/i> Calle del Gral. Pardi\u00f1as, 45, 28001 Madrid[\/vc_column_text][vc_gmaps link=&#8221;#E-8_JTNDaWZyYW1lJTIwc3JjJTNEJTIyaHR0cHMlM0ElMkYlMkZ3d3cuZ29vZ2xlLmNvbSUyRm1hcHMlMkZlbWJlZCUzRnBiJTNEJTIxMW0xOCUyMTFtMTIlMjExbTMlMjExZDMwNDMuNDkwNTgzOTM2ODc0NCUyMTJkLTMuODE3OTYxMzg1MTA5NzI5JTIxM2Q0MC4yODcwNjQ5NzE0NDAxNzQlMjEybTMlMjExZjAlMjEyZjAlMjEzZjAlMjEzbTIlMjExaTEwMjQlMjEyaTc2OCUyMTRmMTMuMSUyMTNtMyUyMTFtMiUyMTFzMHhkNDE4YjgxZDYyNzljYmIlMjUzQTB4YzQ2YjE2YjAzY2JkNDcyNSUyMTJzSG9zcGl0YWwlMjUyMFVuaXZlcnNpdGFyaW8lMjUyMGRlJTI1MjBGdWVubGFicmFkYSUyMTVlMCUyMTNtMiUyMTFzZXMlMjEyc2VzJTIxNHYxNTc0MzMxNTU2NTMwJTIxNW0yJTIxMXNlcyUyMTJzZXMlMjIlMjB3aWR0aCUzRCUyMjYwMCUyMiUyMGhlaWdodCUzRCUyMjQ1MCUyMiUyMGZyYW1lYm9yZGVyJTNEJTIyMCUyMiUyMHN0eWxlJTNEJTIyYm9yZGVyJTNBMCUzQiUyMiUyMGFsbG93ZnVsbHNjcmVlbiUzRCUyMiUyMiUzRSUzQyUyRmlmcmFtZSUzRQ==&#8221; css_animation=&#8221;fadeIn&#8221; title=&#8221;Hospital Universitario de Fuenlabrada&#8221;][vc_column_text]<i class=\"fa fa-map-marker\" aria-hidden=\"true\"><\/i> Camino del Molino, 2, 28942 Fuenlabrada, Madrid[\/vc_column_text][\/vc_column][\/vc_row]<\/p>\n","protected":false},"excerpt":{"rendered":"<p>[vc_row css=&#8221;.vc_custom_1573745830487{margin-top: 40px !important;}&#8221;][vc_column][vc_column_text]Courses are held at the site of the SEORL (Sociedad Espa\u00f1ola de [&hellip;]<\/p>\n","protected":false},"author":1,"featured_media":0,"parent":0,"menu_order":0,"comment_status":"closed","ping_status":"closed","template":"page-left-sidebar.php","meta":{"footnotes":""},"class_list":["post-3571","page","type-page","status-publish","hentry"],"_links":{"self":[{"href":"https:\/\/ifmec.com\/en\/wp-json\/wp\/v2\/pages\/3571","targetHints":{"allow":["GET"]}}],"collection":[{"href":"https:\/\/ifmec.com\/en\/wp-json\/wp\/v2\/pages"}],"about":[{"href":"https:\/\/ifmec.com\/en\/wp-json\/wp\/v2\/types\/page"}],"author":[{"embeddable":true,"href":"https:\/\/ifmec.com\/en\/wp-json\/wp\/v2\/users\/1"}],"replies":[{"embeddable":true,"href":"https:\/\/ifmec.com\/en\/wp-json\/wp\/v2\/comments?post=3571"}],"version-history":[{"count":0,"href":"https:\/\/ifmec.com\/en\/wp-json\/wp\/v2\/pages\/3571\/revisions"}],"wp:attachment":[{"href":"https:\/\/ifmec.com\/en\/wp-json\/wp\/v2\/media?parent=3571"}],"curies":[{"name":"wp","href":"https:\/\/api.w.org\/{rel}","templated":true}]}}