{"id":13110,"date":"2021-12-14T18:14:00","date_gmt":"2021-12-14T17:14:00","guid":{"rendered":"https:\/\/ifmec.com\/cursos-dr-aristegui\/"},"modified":"2025-05-14T12:12:57","modified_gmt":"2025-05-14T10:12:57","slug":"cursos-dr-aristegui","status":"publish","type":"page","link":"https:\/\/ifmec.com\/en\/cursos-dr-aristegui\/","title":{"rendered":"Cursos Dr Ar\u00edstegui"},"content":{"rendered":"<p>[vc_row][vc_column width=&#8221;1\/2&#8243;][vc_column_text]<\/p>\n<h2 style=\"text-align: center;\">Cursos Doctor Ar\u00edstegui<\/h2>\n<p>\n[\/vc_column_text][\/vc_column][vc_column width=&#8221;1\/2&#8243;][\/vc_column][vc_column][vc_column_text]La Fundaci\u00f3n <strong>Dr. Juan Jos\u00e9 Ar\u00edstegui <\/strong>lleva desde 1997 realizando Cursos te\u00f3rico pr\u00e1cticos de cirug\u00eda de o\u00eddo medio y disecci\u00f3n de hueso temporal. M\u00e1s de 1200 alumnos han asistido a los cursos durante sus mas de 50 ediciones.<\/p>\n<p>Los cursos est\u00e1n dirigidos por el Doctor Miguel Ar\u00edstegui Ruiz y cuentan con un profesorado integrado por expertos\u00a0nacionales e internacionales.[\/vc_column_text][\/vc_column][\/vc_row][vc_row][vc_column]<div class=\"woocommerce columns-3 \"><\/div>[\/vc_column][\/vc_row]<\/p>\n","protected":false},"excerpt":{"rendered":"<p>[vc_row][vc_column width=&#8221;1\/2&#8243;][vc_column_text] Cursos Doctor Ar\u00edstegui [\/vc_column_text][\/vc_column][vc_column width=&#8221;1\/2&#8243;][\/vc_column][vc_column][vc_column_text]La Fundaci\u00f3n Dr. Juan Jos\u00e9 Ar\u00edstegui lleva desde 1997 [&hellip;]<\/p>\n","protected":false},"author":4,"featured_media":0,"parent":0,"menu_order":0,"comment_status":"closed","ping_status":"closed","template":"page-left-sidebar.php","meta":{"footnotes":""},"class_list":["post-13110","page","type-page","status-publish","hentry"],"_links":{"self":[{"href":"https:\/\/ifmec.com\/en\/wp-json\/wp\/v2\/pages\/13110","targetHints":{"allow":["GET"]}}],"collection":[{"href":"https:\/\/ifmec.com\/en\/wp-json\/wp\/v2\/pages"}],"about":[{"href":"https:\/\/ifmec.com\/en\/wp-json\/wp\/v2\/types\/page"}],"author":[{"embeddable":true,"href":"https:\/\/ifmec.com\/en\/wp-json\/wp\/v2\/users\/4"}],"replies":[{"embeddable":true,"href":"https:\/\/ifmec.com\/en\/wp-json\/wp\/v2\/comments?post=13110"}],"version-history":[{"count":5,"href":"https:\/\/ifmec.com\/en\/wp-json\/wp\/v2\/pages\/13110\/revisions"}],"predecessor-version":[{"id":13115,"href":"https:\/\/ifmec.com\/en\/wp-json\/wp\/v2\/pages\/13110\/revisions\/13115"}],"wp:attachment":[{"href":"https:\/\/ifmec.com\/en\/wp-json\/wp\/v2\/media?parent=13110"}],"curies":[{"name":"wp","href":"https:\/\/api.w.org\/{rel}","templated":true}]}}